{"id":9114,"date":"2016-01-02T14:05:58","date_gmt":"2016-01-02T19:05:58","guid":{"rendered":"http:\/\/demo4.aikitech.ca\/shop\/timothys-german-chocolate-cake-coffee\/"},"modified":"2025-01-22T14:36:55","modified_gmt":"2025-01-22T19:36:55","slug":"timothys-german-chocolate-cake-coffee","status":"publish","type":"product","link":"https:\/\/demo2.cafegransasso.com\/fr\/shop\/timothys-german-chocolate-cake-coffee\/","title":{"rendered":"G\u00e2teau au chocolat allemand de Timothy's"},"content":{"rendered":"<div>Le secret du g\u00e2teau au chocolat allemand r\u00e9side dans la superposition des couches : d'abord le chocolat, puis la noix de coco, le caramel, la vanille... et enfin le chocolat. Timothy's<sup>\u00ae<\/sup> German Chocolate Cake coffee layers the same fresh-baked aromas adding up to one sweet cup. Have your cake and drink it too!<\/div>\n<div><\/div>\n<div>Ce caf\u00e9 est certifi\u00e9 Rainforest Alliance<sup>\u2122<\/sup><\/div>","protected":false},"excerpt":{"rendered":"<p>The sweet secret of German Chocolate Cake is all in the layering: first chocolate, then coconut, caramel, vanilla\u2026and finally more<\/p>","protected":false},"featured_media":26249,"comment_status":"open","ping_status":"closed","template":"","meta":[],"product_brand":[],"product_cat":[641,191,656],"product_tag":[351,350,308,307,334],"class_list":{"0":"post-9114","1":"product","2":"type-product","3":"status-publish","4":"has-post-thumbnail","6":"product_cat-single-serve","7":"product_cat-keurig-pods","8":"product_cat-bulk-deals","9":"product_tag-cake","10":"product_tag-chocolate","11":"product_tag-k-cup","12":"product_tag-keurig","13":"product_tag-timothys","15":"first","16":"instock","17":"purchasable","18":"product-type-variable","19":"has-default-attributes"},"yoast_head":"<!-- This site is optimized with the Yoast SEO plugin v24.4 - https:\/\/yoast.com\/wordpress\/plugins\/seo\/ -->\n<title>Timothy&#039;s German Chocolate Cake Coffee - Cafe Gran Sasso<\/title>\n<meta name=\"robots\" content=\"noindex, follow, max-snippet:-1, max-image-preview:large, max-video-preview:-1\" \/>\n<meta property=\"og:locale\" content=\"fr_FR\" \/>\n<meta property=\"og:type\" content=\"article\" \/>\n<meta property=\"og:title\" content=\"Timothy&#039;s German Chocolate Cake Coffee - Cafe Gran Sasso\" \/>\n<meta property=\"og:description\" content=\"The sweet secret of German Chocolate Cake is all in the layering: first chocolate, then coconut, caramel, vanilla\u2026and finally more\" \/>\n<meta property=\"og:url\" content=\"https:\/\/demo2.cafegransasso.com\/fr\/shop\/timothys-german-chocolate-cake-coffee\/\" \/>\n<meta property=\"og:site_name\" content=\"Cafe Gran Sasso\" \/>\n<meta property=\"article:publisher\" content=\"https:\/\/www.facebook.com\/CafeGranSasso\/\" \/>\n<meta property=\"article:modified_time\" content=\"2025-01-22T19:36:55+00:00\" \/>\n<meta property=\"og:image\" content=\"https:\/\/demo2.cafegransasso.com\/wp-content\/uploads\/2020\/09\/LID_TIMY_FLAV_GERMAN_CHOC_CAKE-cc7c72c0.jpg\" \/>\n\t<meta property=\"og:image:width\" content=\"603\" \/>\n\t<meta property=\"og:image:height\" content=\"602\" \/>\n\t<meta property=\"og:image:type\" content=\"image\/jpeg\" \/>\n<meta name=\"twitter:card\" content=\"summary_large_image\" \/>\n<script type=\"application\/ld+json\" class=\"yoast-schema-graph\">{\"@context\":\"https:\/\/schema.org\",\"@graph\":[{\"@type\":\"WebPage\",\"@id\":\"https:\/\/demo2.cafegransasso.com\/shop\/timothys-german-chocolate-cake-coffee\/\",\"url\":\"https:\/\/demo2.cafegransasso.com\/shop\/timothys-german-chocolate-cake-coffee\/\",\"name\":\"Timothy's German Chocolate Cake Coffee - Cafe Gran Sasso\",\"isPartOf\":{\"@id\":\"https:\/\/demo2.cafegransasso.com\/fr\/#website\"},\"primaryImageOfPage\":{\"@id\":\"https:\/\/demo2.cafegransasso.com\/shop\/timothys-german-chocolate-cake-coffee\/#primaryimage\"},\"image\":{\"@id\":\"https:\/\/demo2.cafegransasso.com\/shop\/timothys-german-chocolate-cake-coffee\/#primaryimage\"},\"thumbnailUrl\":\"https:\/\/demo2.cafegransasso.com\/wp-content\/uploads\/2020\/09\/LID_TIMY_FLAV_GERMAN_CHOC_CAKE-cc7c72c0.jpg\",\"datePublished\":\"2016-01-02T19:05:58+00:00\",\"dateModified\":\"2025-01-22T19:36:55+00:00\",\"breadcrumb\":{\"@id\":\"https:\/\/demo2.cafegransasso.com\/shop\/timothys-german-chocolate-cake-coffee\/#breadcrumb\"},\"inLanguage\":\"fr-ca\",\"potentialAction\":[{\"@type\":\"ReadAction\",\"target\":[\"https:\/\/demo2.cafegransasso.com\/shop\/timothys-german-chocolate-cake-coffee\/\"]}]},{\"@type\":\"ImageObject\",\"inLanguage\":\"fr-ca\",\"@id\":\"https:\/\/demo2.cafegransasso.com\/shop\/timothys-german-chocolate-cake-coffee\/#primaryimage\",\"url\":\"https:\/\/demo2.cafegransasso.com\/wp-content\/uploads\/2020\/09\/LID_TIMY_FLAV_GERMAN_CHOC_CAKE-cc7c72c0.jpg\",\"contentUrl\":\"https:\/\/demo2.cafegransasso.com\/wp-content\/uploads\/2020\/09\/LID_TIMY_FLAV_GERMAN_CHOC_CAKE-cc7c72c0.jpg\",\"width\":603,\"height\":602},{\"@type\":\"BreadcrumbList\",\"@id\":\"https:\/\/demo2.cafegransasso.com\/shop\/timothys-german-chocolate-cake-coffee\/#breadcrumb\",\"itemListElement\":[{\"@type\":\"ListItem\",\"position\":1,\"name\":\"Home\",\"item\":\"https:\/\/demo2.cafegransasso.com\/fr\/\"},{\"@type\":\"ListItem\",\"position\":2,\"name\":\"Shop\",\"item\":\"https:\/\/demo2.cafegransasso.com\/shop\/\"},{\"@type\":\"ListItem\",\"position\":3,\"name\":\"Timothy&#8217;s German Chocolate Cake Coffee\"}]},{\"@type\":\"WebSite\",\"@id\":\"https:\/\/demo2.cafegransasso.com\/fr\/#website\",\"url\":\"https:\/\/demo2.cafegransasso.com\/fr\/\",\"name\":\"Cafe Gran Sasso\",\"description\":\"From Bean to Brew: Coffee Solutions for Businesses.\",\"publisher\":{\"@id\":\"https:\/\/demo2.cafegransasso.com\/fr\/#organization\"},\"potentialAction\":[{\"@type\":\"SearchAction\",\"target\":{\"@type\":\"EntryPoint\",\"urlTemplate\":\"https:\/\/demo2.cafegransasso.com\/fr\/?s={search_term_string}\"},\"query-input\":{\"@type\":\"PropertyValueSpecification\",\"valueRequired\":true,\"valueName\":\"search_term_string\"}}],\"inLanguage\":\"fr-ca\"},{\"@type\":\"Organization\",\"@id\":\"https:\/\/demo2.cafegransasso.com\/fr\/#organization\",\"name\":\"Cafe Gran Sasso\",\"url\":\"https:\/\/demo2.cafegransasso.com\/fr\/\",\"logo\":{\"@type\":\"ImageObject\",\"inLanguage\":\"fr-ca\",\"@id\":\"https:\/\/demo2.cafegransasso.com\/fr\/#\/schema\/logo\/image\/\",\"url\":\"https:\/\/demo2.cafegransasso.com\/wp-content\/uploads\/2024\/09\/GS-logo-Red-1-removebg-preview.png\",\"contentUrl\":\"https:\/\/demo2.cafegransasso.com\/wp-content\/uploads\/2024\/09\/GS-logo-Red-1-removebg-preview.png\",\"width\":360,\"height\":149,\"caption\":\"Cafe Gran Sasso\"},\"image\":{\"@id\":\"https:\/\/demo2.cafegransasso.com\/fr\/#\/schema\/logo\/image\/\"},\"sameAs\":[\"https:\/\/www.facebook.com\/CafeGranSasso\/\",\"https:\/\/www.instagram.com\/cafe_gransasso\/\"]}]}<\/script>\n<!-- \/ Yoast SEO plugin. -->","yoast_head_json":{"title":"Timothy's German Chocolate Cake Coffee - Cafe Gran Sasso","robots":{"index":"noindex","follow":"follow","max-snippet":"max-snippet:-1","max-image-preview":"max-image-preview:large","max-video-preview":"max-video-preview:-1"},"og_locale":"fr_FR","og_type":"article","og_title":"Timothy's German Chocolate Cake Coffee - Cafe Gran Sasso","og_description":"The sweet secret of German Chocolate Cake is all in the layering: first chocolate, then coconut, caramel, vanilla\u2026and finally more","og_url":"https:\/\/demo2.cafegransasso.com\/fr\/shop\/timothys-german-chocolate-cake-coffee\/","og_site_name":"Cafe Gran Sasso","article_publisher":"https:\/\/www.facebook.com\/CafeGranSasso\/","article_modified_time":"2025-01-22T19:36:55+00:00","og_image":[{"width":603,"height":602,"url":"https:\/\/demo2.cafegransasso.com\/wp-content\/uploads\/2020\/09\/LID_TIMY_FLAV_GERMAN_CHOC_CAKE-cc7c72c0.jpg","type":"image\/jpeg"}],"twitter_card":"summary_large_image","schema":{"@context":"https:\/\/schema.org","@graph":[{"@type":"WebPage","@id":"https:\/\/demo2.cafegransasso.com\/shop\/timothys-german-chocolate-cake-coffee\/","url":"https:\/\/demo2.cafegransasso.com\/shop\/timothys-german-chocolate-cake-coffee\/","name":"Timothy's German Chocolate Cake Coffee - Cafe Gran Sasso","isPartOf":{"@id":"https:\/\/demo2.cafegransasso.com\/fr\/#website"},"primaryImageOfPage":{"@id":"https:\/\/demo2.cafegransasso.com\/shop\/timothys-german-chocolate-cake-coffee\/#primaryimage"},"image":{"@id":"https:\/\/demo2.cafegransasso.com\/shop\/timothys-german-chocolate-cake-coffee\/#primaryimage"},"thumbnailUrl":"https:\/\/demo2.cafegransasso.com\/wp-content\/uploads\/2020\/09\/LID_TIMY_FLAV_GERMAN_CHOC_CAKE-cc7c72c0.jpg","datePublished":"2016-01-02T19:05:58+00:00","dateModified":"2025-01-22T19:36:55+00:00","breadcrumb":{"@id":"https:\/\/demo2.cafegransasso.com\/shop\/timothys-german-chocolate-cake-coffee\/#breadcrumb"},"inLanguage":"fr-ca","potentialAction":[{"@type":"ReadAction","target":["https:\/\/demo2.cafegransasso.com\/shop\/timothys-german-chocolate-cake-coffee\/"]}]},{"@type":"ImageObject","inLanguage":"fr-ca","@id":"https:\/\/demo2.cafegransasso.com\/shop\/timothys-german-chocolate-cake-coffee\/#primaryimage","url":"https:\/\/demo2.cafegransasso.com\/wp-content\/uploads\/2020\/09\/LID_TIMY_FLAV_GERMAN_CHOC_CAKE-cc7c72c0.jpg","contentUrl":"https:\/\/demo2.cafegransasso.com\/wp-content\/uploads\/2020\/09\/LID_TIMY_FLAV_GERMAN_CHOC_CAKE-cc7c72c0.jpg","width":603,"height":602},{"@type":"BreadcrumbList","@id":"https:\/\/demo2.cafegransasso.com\/shop\/timothys-german-chocolate-cake-coffee\/#breadcrumb","itemListElement":[{"@type":"ListItem","position":1,"name":"Home","item":"https:\/\/demo2.cafegransasso.com\/fr\/"},{"@type":"ListItem","position":2,"name":"Shop","item":"https:\/\/demo2.cafegransasso.com\/shop\/"},{"@type":"ListItem","position":3,"name":"Timothy&#8217;s German Chocolate Cake Coffee"}]},{"@type":"WebSite","@id":"https:\/\/demo2.cafegransasso.com\/fr\/#website","url":"https:\/\/demo2.cafegransasso.com\/fr\/","name":"Cafe Gran Sasso","description":"From Bean to Brew: Coffee Solutions for Businesses.","publisher":{"@id":"https:\/\/demo2.cafegransasso.com\/fr\/#organization"},"potentialAction":[{"@type":"SearchAction","target":{"@type":"EntryPoint","urlTemplate":"https:\/\/demo2.cafegransasso.com\/fr\/?s={search_term_string}"},"query-input":{"@type":"PropertyValueSpecification","valueRequired":true,"valueName":"search_term_string"}}],"inLanguage":"fr-ca"},{"@type":"Organization","@id":"https:\/\/demo2.cafegransasso.com\/fr\/#organization","name":"Cafe Gran Sasso","url":"https:\/\/demo2.cafegransasso.com\/fr\/","logo":{"@type":"ImageObject","inLanguage":"fr-ca","@id":"https:\/\/demo2.cafegransasso.com\/fr\/#\/schema\/logo\/image\/","url":"https:\/\/demo2.cafegransasso.com\/wp-content\/uploads\/2024\/09\/GS-logo-Red-1-removebg-preview.png","contentUrl":"https:\/\/demo2.cafegransasso.com\/wp-content\/uploads\/2024\/09\/GS-logo-Red-1-removebg-preview.png","width":360,"height":149,"caption":"Cafe Gran Sasso"},"image":{"@id":"https:\/\/demo2.cafegransasso.com\/fr\/#\/schema\/logo\/image\/"},"sameAs":["https:\/\/www.facebook.com\/CafeGranSasso\/","https:\/\/www.instagram.com\/cafe_gransasso\/"]}]}},"_links":{"self":[{"href":"https:\/\/demo2.cafegransasso.com\/fr\/wp-json\/wp\/v2\/product\/9114","targetHints":{"allow":["GET"]}}],"collection":[{"href":"https:\/\/demo2.cafegransasso.com\/fr\/wp-json\/wp\/v2\/product"}],"about":[{"href":"https:\/\/demo2.cafegransasso.com\/fr\/wp-json\/wp\/v2\/types\/product"}],"replies":[{"embeddable":true,"href":"https:\/\/demo2.cafegransasso.com\/fr\/wp-json\/wp\/v2\/comments?post=9114"}],"version-history":[{"count":1,"href":"https:\/\/demo2.cafegransasso.com\/fr\/wp-json\/wp\/v2\/product\/9114\/revisions"}],"predecessor-version":[{"id":26272,"href":"https:\/\/demo2.cafegransasso.com\/fr\/wp-json\/wp\/v2\/product\/9114\/revisions\/26272"}],"wp:featuredmedia":[{"embeddable":true,"href":"https:\/\/demo2.cafegransasso.com\/fr\/wp-json\/wp\/v2\/media\/26249"}],"wp:attachment":[{"href":"https:\/\/demo2.cafegransasso.com\/fr\/wp-json\/wp\/v2\/media?parent=9114"}],"wp:term":[{"taxonomy":"product_brand","embeddable":true,"href":"https:\/\/demo2.cafegransasso.com\/fr\/wp-json\/wp\/v2\/product_brand?post=9114"},{"taxonomy":"product_cat","embeddable":true,"href":"https:\/\/demo2.cafegransasso.com\/fr\/wp-json\/wp\/v2\/product_cat?post=9114"},{"taxonomy":"product_tag","embeddable":true,"href":"https:\/\/demo2.cafegransasso.com\/fr\/wp-json\/wp\/v2\/product_tag?post=9114"}],"curies":[{"name":"wp","href":"https:\/\/api.w.org\/{rel}","templated":true}]}}