{"id":9070,"date":"2015-12-29T10:10:53","date_gmt":"2015-12-29T15:10:53","guid":{"rendered":"http:\/\/demo4.aikitech.ca\/shop\/timothys-colombian\/"},"modified":"2025-01-22T14:46:16","modified_gmt":"2025-01-22T19:46:16","slug":"timothys-colombian","status":"publish","type":"product","link":"https:\/\/demo2.cafegransasso.com\/fr\/shop\/timothys-colombian\/","title":{"rendered":"Colombien d\u00e9caf\u00e9in\u00e9 de Timothy's"},"content":{"rendered":"<div>\n<div>Une tasse d\u00e9licieusement d\u00e9caf\u00e9in\u00e9e des hauts plateaux du centre de la Colombie. Riche, doux et bien \u00e9quilibr\u00e9, le Timothy's<sup>\u00ae<\/sup>Le caf\u00e9 colombien d\u00e9caf\u00e9in\u00e9 est 100% colombien, piquant et vibrant, coulant comme le rythme de la terre qui l'a vu na\u00eetre.<\/div>\n<div><\/div>\n<div>Ce caf\u00e9 est certifi\u00e9 Rainforest Alliance<sup>\u2122<\/sup>.<\/div>\n<p>&nbsp;<\/p>\n<\/div>","protected":false},"excerpt":{"rendered":"<p>A delightfully decaffeinated cup from the central highlands of Colombia. Rich, smooth and well-balanced, Timothy&#8217;s\u00aeDecaffeinated Colombian coffee is 100% Colombian,<\/p>","protected":false},"featured_media":26243,"comment_status":"open","ping_status":"closed","template":"","meta":[],"product_brand":[],"product_cat":[641,191,656],"product_tag":[342,343,308,307,334],"class_list":{"0":"post-9070","1":"product","2":"type-product","3":"status-publish","4":"has-post-thumbnail","6":"product_cat-single-serve","7":"product_cat-keurig-pods","8":"product_cat-bulk-deals","9":"product_tag-colombian","10":"product_tag-decaffeinated","11":"product_tag-k-cup","12":"product_tag-keurig","13":"product_tag-timothys","15":"first","16":"instock","17":"purchasable","18":"product-type-variable","19":"has-default-attributes"},"yoast_head":"<!-- This site is optimized with the Yoast SEO plugin v24.4 - https:\/\/yoast.com\/wordpress\/plugins\/seo\/ -->\n<title>Timothy&#039;s Decaffeinated Colombian - Cafe Gran Sasso<\/title>\n<meta name=\"robots\" content=\"noindex, follow, max-snippet:-1, max-image-preview:large, max-video-preview:-1\" \/>\n<meta property=\"og:locale\" content=\"fr_FR\" \/>\n<meta property=\"og:type\" content=\"article\" \/>\n<meta property=\"og:title\" content=\"Timothy&#039;s Decaffeinated Colombian - Cafe Gran Sasso\" \/>\n<meta property=\"og:description\" content=\"A delightfully decaffeinated cup from the central highlands of Colombia. Rich, smooth and well-balanced, Timothy&#8217;s\u00aeDecaffeinated Colombian coffee is 100% Colombian,\" \/>\n<meta property=\"og:url\" content=\"https:\/\/demo2.cafegransasso.com\/fr\/shop\/timothys-colombian\/\" \/>\n<meta property=\"og:site_name\" content=\"Cafe Gran Sasso\" \/>\n<meta property=\"article:publisher\" content=\"https:\/\/www.facebook.com\/CafeGranSasso\/\" \/>\n<meta property=\"article:modified_time\" content=\"2025-01-22T19:46:16+00:00\" \/>\n<meta property=\"og:image\" content=\"https:\/\/demo2.cafegransasso.com\/wp-content\/uploads\/2020\/09\/LID_TIMY_COLOMBIAN_DECAF-5d1b0082.jpg\" \/>\n\t<meta property=\"og:image:width\" content=\"603\" \/>\n\t<meta property=\"og:image:height\" content=\"602\" \/>\n\t<meta property=\"og:image:type\" content=\"image\/jpeg\" \/>\n<meta name=\"twitter:card\" content=\"summary_large_image\" \/>\n<script type=\"application\/ld+json\" class=\"yoast-schema-graph\">{\"@context\":\"https:\/\/schema.org\",\"@graph\":[{\"@type\":\"WebPage\",\"@id\":\"https:\/\/demo2.cafegransasso.com\/shop\/timothys-colombian\/\",\"url\":\"https:\/\/demo2.cafegransasso.com\/shop\/timothys-colombian\/\",\"name\":\"Timothy's Decaffeinated Colombian - Cafe Gran Sasso\",\"isPartOf\":{\"@id\":\"https:\/\/demo2.cafegransasso.com\/fr\/#website\"},\"primaryImageOfPage\":{\"@id\":\"https:\/\/demo2.cafegransasso.com\/shop\/timothys-colombian\/#primaryimage\"},\"image\":{\"@id\":\"https:\/\/demo2.cafegransasso.com\/shop\/timothys-colombian\/#primaryimage\"},\"thumbnailUrl\":\"https:\/\/demo2.cafegransasso.com\/wp-content\/uploads\/2020\/09\/LID_TIMY_COLOMBIAN_DECAF-5d1b0082.jpg\",\"datePublished\":\"2015-12-29T15:10:53+00:00\",\"dateModified\":\"2025-01-22T19:46:16+00:00\",\"breadcrumb\":{\"@id\":\"https:\/\/demo2.cafegransasso.com\/shop\/timothys-colombian\/#breadcrumb\"},\"inLanguage\":\"fr-ca\",\"potentialAction\":[{\"@type\":\"ReadAction\",\"target\":[\"https:\/\/demo2.cafegransasso.com\/shop\/timothys-colombian\/\"]}]},{\"@type\":\"ImageObject\",\"inLanguage\":\"fr-ca\",\"@id\":\"https:\/\/demo2.cafegransasso.com\/shop\/timothys-colombian\/#primaryimage\",\"url\":\"https:\/\/demo2.cafegransasso.com\/wp-content\/uploads\/2020\/09\/LID_TIMY_COLOMBIAN_DECAF-5d1b0082.jpg\",\"contentUrl\":\"https:\/\/demo2.cafegransasso.com\/wp-content\/uploads\/2020\/09\/LID_TIMY_COLOMBIAN_DECAF-5d1b0082.jpg\",\"width\":603,\"height\":602},{\"@type\":\"BreadcrumbList\",\"@id\":\"https:\/\/demo2.cafegransasso.com\/shop\/timothys-colombian\/#breadcrumb\",\"itemListElement\":[{\"@type\":\"ListItem\",\"position\":1,\"name\":\"Home\",\"item\":\"https:\/\/demo2.cafegransasso.com\/fr\/\"},{\"@type\":\"ListItem\",\"position\":2,\"name\":\"Shop\",\"item\":\"https:\/\/demo2.cafegransasso.com\/shop\/\"},{\"@type\":\"ListItem\",\"position\":3,\"name\":\"Timothy&#8217;s Decaffeinated Colombian\"}]},{\"@type\":\"WebSite\",\"@id\":\"https:\/\/demo2.cafegransasso.com\/fr\/#website\",\"url\":\"https:\/\/demo2.cafegransasso.com\/fr\/\",\"name\":\"Cafe Gran Sasso\",\"description\":\"From Bean to Brew: Coffee Solutions for Businesses.\",\"publisher\":{\"@id\":\"https:\/\/demo2.cafegransasso.com\/fr\/#organization\"},\"potentialAction\":[{\"@type\":\"SearchAction\",\"target\":{\"@type\":\"EntryPoint\",\"urlTemplate\":\"https:\/\/demo2.cafegransasso.com\/fr\/?s={search_term_string}\"},\"query-input\":{\"@type\":\"PropertyValueSpecification\",\"valueRequired\":true,\"valueName\":\"search_term_string\"}}],\"inLanguage\":\"fr-ca\"},{\"@type\":\"Organization\",\"@id\":\"https:\/\/demo2.cafegransasso.com\/fr\/#organization\",\"name\":\"Cafe Gran Sasso\",\"url\":\"https:\/\/demo2.cafegransasso.com\/fr\/\",\"logo\":{\"@type\":\"ImageObject\",\"inLanguage\":\"fr-ca\",\"@id\":\"https:\/\/demo2.cafegransasso.com\/fr\/#\/schema\/logo\/image\/\",\"url\":\"https:\/\/demo2.cafegransasso.com\/wp-content\/uploads\/2024\/09\/GS-logo-Red-1-removebg-preview.png\",\"contentUrl\":\"https:\/\/demo2.cafegransasso.com\/wp-content\/uploads\/2024\/09\/GS-logo-Red-1-removebg-preview.png\",\"width\":360,\"height\":149,\"caption\":\"Cafe Gran Sasso\"},\"image\":{\"@id\":\"https:\/\/demo2.cafegransasso.com\/fr\/#\/schema\/logo\/image\/\"},\"sameAs\":[\"https:\/\/www.facebook.com\/CafeGranSasso\/\",\"https:\/\/www.instagram.com\/cafe_gransasso\/\"]}]}<\/script>\n<!-- \/ Yoast SEO plugin. -->","yoast_head_json":{"title":"Timothy's Decaffeinated Colombian - Cafe Gran Sasso","robots":{"index":"noindex","follow":"follow","max-snippet":"max-snippet:-1","max-image-preview":"max-image-preview:large","max-video-preview":"max-video-preview:-1"},"og_locale":"fr_FR","og_type":"article","og_title":"Timothy's Decaffeinated Colombian - Cafe Gran Sasso","og_description":"A delightfully decaffeinated cup from the central highlands of Colombia. Rich, smooth and well-balanced, Timothy&#8217;s\u00aeDecaffeinated Colombian coffee is 100% Colombian,","og_url":"https:\/\/demo2.cafegransasso.com\/fr\/shop\/timothys-colombian\/","og_site_name":"Cafe Gran Sasso","article_publisher":"https:\/\/www.facebook.com\/CafeGranSasso\/","article_modified_time":"2025-01-22T19:46:16+00:00","og_image":[{"width":603,"height":602,"url":"https:\/\/demo2.cafegransasso.com\/wp-content\/uploads\/2020\/09\/LID_TIMY_COLOMBIAN_DECAF-5d1b0082.jpg","type":"image\/jpeg"}],"twitter_card":"summary_large_image","schema":{"@context":"https:\/\/schema.org","@graph":[{"@type":"WebPage","@id":"https:\/\/demo2.cafegransasso.com\/shop\/timothys-colombian\/","url":"https:\/\/demo2.cafegransasso.com\/shop\/timothys-colombian\/","name":"Timothy's Decaffeinated Colombian - Cafe Gran Sasso","isPartOf":{"@id":"https:\/\/demo2.cafegransasso.com\/fr\/#website"},"primaryImageOfPage":{"@id":"https:\/\/demo2.cafegransasso.com\/shop\/timothys-colombian\/#primaryimage"},"image":{"@id":"https:\/\/demo2.cafegransasso.com\/shop\/timothys-colombian\/#primaryimage"},"thumbnailUrl":"https:\/\/demo2.cafegransasso.com\/wp-content\/uploads\/2020\/09\/LID_TIMY_COLOMBIAN_DECAF-5d1b0082.jpg","datePublished":"2015-12-29T15:10:53+00:00","dateModified":"2025-01-22T19:46:16+00:00","breadcrumb":{"@id":"https:\/\/demo2.cafegransasso.com\/shop\/timothys-colombian\/#breadcrumb"},"inLanguage":"fr-ca","potentialAction":[{"@type":"ReadAction","target":["https:\/\/demo2.cafegransasso.com\/shop\/timothys-colombian\/"]}]},{"@type":"ImageObject","inLanguage":"fr-ca","@id":"https:\/\/demo2.cafegransasso.com\/shop\/timothys-colombian\/#primaryimage","url":"https:\/\/demo2.cafegransasso.com\/wp-content\/uploads\/2020\/09\/LID_TIMY_COLOMBIAN_DECAF-5d1b0082.jpg","contentUrl":"https:\/\/demo2.cafegransasso.com\/wp-content\/uploads\/2020\/09\/LID_TIMY_COLOMBIAN_DECAF-5d1b0082.jpg","width":603,"height":602},{"@type":"BreadcrumbList","@id":"https:\/\/demo2.cafegransasso.com\/shop\/timothys-colombian\/#breadcrumb","itemListElement":[{"@type":"ListItem","position":1,"name":"Home","item":"https:\/\/demo2.cafegransasso.com\/fr\/"},{"@type":"ListItem","position":2,"name":"Shop","item":"https:\/\/demo2.cafegransasso.com\/shop\/"},{"@type":"ListItem","position":3,"name":"Timothy&#8217;s Decaffeinated Colombian"}]},{"@type":"WebSite","@id":"https:\/\/demo2.cafegransasso.com\/fr\/#website","url":"https:\/\/demo2.cafegransasso.com\/fr\/","name":"Cafe Gran Sasso","description":"From Bean to Brew: Coffee Solutions for Businesses.","publisher":{"@id":"https:\/\/demo2.cafegransasso.com\/fr\/#organization"},"potentialAction":[{"@type":"SearchAction","target":{"@type":"EntryPoint","urlTemplate":"https:\/\/demo2.cafegransasso.com\/fr\/?s={search_term_string}"},"query-input":{"@type":"PropertyValueSpecification","valueRequired":true,"valueName":"search_term_string"}}],"inLanguage":"fr-ca"},{"@type":"Organization","@id":"https:\/\/demo2.cafegransasso.com\/fr\/#organization","name":"Cafe Gran Sasso","url":"https:\/\/demo2.cafegransasso.com\/fr\/","logo":{"@type":"ImageObject","inLanguage":"fr-ca","@id":"https:\/\/demo2.cafegransasso.com\/fr\/#\/schema\/logo\/image\/","url":"https:\/\/demo2.cafegransasso.com\/wp-content\/uploads\/2024\/09\/GS-logo-Red-1-removebg-preview.png","contentUrl":"https:\/\/demo2.cafegransasso.com\/wp-content\/uploads\/2024\/09\/GS-logo-Red-1-removebg-preview.png","width":360,"height":149,"caption":"Cafe Gran Sasso"},"image":{"@id":"https:\/\/demo2.cafegransasso.com\/fr\/#\/schema\/logo\/image\/"},"sameAs":["https:\/\/www.facebook.com\/CafeGranSasso\/","https:\/\/www.instagram.com\/cafe_gransasso\/"]}]}},"_links":{"self":[{"href":"https:\/\/demo2.cafegransasso.com\/fr\/wp-json\/wp\/v2\/product\/9070","targetHints":{"allow":["GET"]}}],"collection":[{"href":"https:\/\/demo2.cafegransasso.com\/fr\/wp-json\/wp\/v2\/product"}],"about":[{"href":"https:\/\/demo2.cafegransasso.com\/fr\/wp-json\/wp\/v2\/types\/product"}],"replies":[{"embeddable":true,"href":"https:\/\/demo2.cafegransasso.com\/fr\/wp-json\/wp\/v2\/comments?post=9070"}],"version-history":[{"count":1,"href":"https:\/\/demo2.cafegransasso.com\/fr\/wp-json\/wp\/v2\/product\/9070\/revisions"}],"predecessor-version":[{"id":26273,"href":"https:\/\/demo2.cafegransasso.com\/fr\/wp-json\/wp\/v2\/product\/9070\/revisions\/26273"}],"wp:featuredmedia":[{"embeddable":true,"href":"https:\/\/demo2.cafegransasso.com\/fr\/wp-json\/wp\/v2\/media\/26243"}],"wp:attachment":[{"href":"https:\/\/demo2.cafegransasso.com\/fr\/wp-json\/wp\/v2\/media?parent=9070"}],"wp:term":[{"taxonomy":"product_brand","embeddable":true,"href":"https:\/\/demo2.cafegransasso.com\/fr\/wp-json\/wp\/v2\/product_brand?post=9070"},{"taxonomy":"product_cat","embeddable":true,"href":"https:\/\/demo2.cafegransasso.com\/fr\/wp-json\/wp\/v2\/product_cat?post=9070"},{"taxonomy":"product_tag","embeddable":true,"href":"https:\/\/demo2.cafegransasso.com\/fr\/wp-json\/wp\/v2\/product_tag?post=9070"}],"curies":[{"name":"wp","href":"https:\/\/api.w.org\/{rel}","templated":true}]}}