{"id":14067,"date":"2023-12-16T12:59:25","date_gmt":"2023-12-16T17:59:25","guid":{"rendered":"https:\/\/www.cafegransasso.com\/?post_type=product&#038;p=14067"},"modified":"2023-12-16T13:06:16","modified_gmt":"2023-12-16T18:06:16","slug":"caffesso-caramel-nespresso-compatible-capsules","status":"publish","type":"product","link":"https:\/\/demo2.cafegransasso.com\/fr\/shop\/caffesso-caramel-nespresso-compatible-capsules\/","title":{"rendered":"Caffesso Caramel Capsules compatibles Nespresso"},"content":{"rendered":"<div class=\"woocommerce-product-details__short-description\">\n<div class=\"woocommerce-product-details__short-description\">\n<p>Un m\u00e9lange parfait de caf\u00e9s sud-am\u00e9ricains et asiatiques torr\u00e9fi\u00e9s lentement avec de d\u00e9licieuses notes de caramel.<\/p>\n<p>Intensit\u00e9 5\/10<\/p>\n<p>Contenu : 10 capsules de 5,5 g<\/p>\n<p><strong>Compatible avec toutes les machines Nespresso\u00ae* Original Line<\/strong><\/p>\n<p>Ne fonctionne pas avec la machine Caffitaly ou Nespresso VertuoLine<strong>\u00ae<\/strong>*.<\/p>\n<p>&nbsp;<\/p>\n<p>*Caffesso is not affiliated with, endorsed or sponsored by Nestl\u00e9 or Nestl\u00e9 Nespresso S.A Nespresso\u00ae and VERTUOLINE are registered trademarks of Soci\u00e9t\u00e9 des Produits Nestl\u00e9 S.A.<\/p>\n<\/div>\n<form class=\"cart\" enctype=\"multipart\/form-data\" method=\"post\" action=\"\">\n<div class=\"quantity\"><\/div>\n<input type=\"hidden\" name=\"trp-form-language\" value=\"fr\"\/><\/form>\n<\/div>","protected":false},"excerpt":{"rendered":"<p>A perfect blend of slowly roasted South American and Asian coffees with delicious hints of caramel. Intensity 5\/12 Content: 10<\/p>","protected":false},"featured_media":14071,"comment_status":"open","ping_status":"closed","template":"","meta":[],"product_brand":[],"product_cat":[641,192],"product_tag":[929,523,558],"class_list":{"0":"post-14067","1":"product","2":"type-product","3":"status-publish","4":"has-post-thumbnail","6":"product_cat-single-serve","7":"product_cat-nespresso-compatible","8":"product_tag-caffesso","9":"product_tag-espresso","10":"product_tag-nespresso","12":"first","13":"instock","14":"purchasable","15":"product-type-variable","16":"has-default-attributes"},"yoast_head":"<!-- This site is optimized with the Yoast SEO plugin v24.4 - https:\/\/yoast.com\/wordpress\/plugins\/seo\/ -->\n<title>Caffesso Caramel Nespresso Compatible Capsules - Cafe Gran Sasso<\/title>\n<meta name=\"robots\" content=\"noindex, follow, max-snippet:-1, max-image-preview:large, max-video-preview:-1\" \/>\n<meta property=\"og:locale\" content=\"fr_FR\" \/>\n<meta property=\"og:type\" content=\"article\" \/>\n<meta property=\"og:title\" content=\"Caffesso Caramel Nespresso Compatible Capsules - Cafe Gran Sasso\" \/>\n<meta property=\"og:description\" content=\"A perfect blend of slowly roasted South American and Asian coffees with delicious hints of caramel. Intensity 5\/12 Content: 10\" \/>\n<meta property=\"og:url\" content=\"https:\/\/demo2.cafegransasso.com\/fr\/shop\/caffesso-caramel-nespresso-compatible-capsules\/\" \/>\n<meta property=\"og:site_name\" content=\"Cafe Gran Sasso\" \/>\n<meta property=\"article:publisher\" content=\"https:\/\/www.facebook.com\/CafeGranSasso\/\" \/>\n<meta property=\"article:modified_time\" content=\"2023-12-16T18:06:16+00:00\" \/>\n<meta property=\"og:image\" content=\"https:\/\/demo2.cafegransasso.com\/wp-content\/uploads\/2023\/12\/caffesso-caramel_900x.webp\" \/>\n\t<meta property=\"og:image:width\" content=\"600\" \/>\n\t<meta property=\"og:image:height\" content=\"600\" \/>\n\t<meta property=\"og:image:type\" content=\"image\/webp\" \/>\n<meta name=\"twitter:card\" content=\"summary_large_image\" \/>\n<script type=\"application\/ld+json\" class=\"yoast-schema-graph\">{\"@context\":\"https:\/\/schema.org\",\"@graph\":[{\"@type\":\"WebPage\",\"@id\":\"https:\/\/demo2.cafegransasso.com\/shop\/caffesso-caramel-nespresso-compatible-capsules\/\",\"url\":\"https:\/\/demo2.cafegransasso.com\/shop\/caffesso-caramel-nespresso-compatible-capsules\/\",\"name\":\"Caffesso Caramel Nespresso Compatible Capsules - Cafe Gran Sasso\",\"isPartOf\":{\"@id\":\"https:\/\/demo2.cafegransasso.com\/fr\/#website\"},\"primaryImageOfPage\":{\"@id\":\"https:\/\/demo2.cafegransasso.com\/shop\/caffesso-caramel-nespresso-compatible-capsules\/#primaryimage\"},\"image\":{\"@id\":\"https:\/\/demo2.cafegransasso.com\/shop\/caffesso-caramel-nespresso-compatible-capsules\/#primaryimage\"},\"thumbnailUrl\":\"https:\/\/demo2.cafegransasso.com\/wp-content\/uploads\/2023\/12\/caffesso-caramel_900x.webp\",\"datePublished\":\"2023-12-16T17:59:25+00:00\",\"dateModified\":\"2023-12-16T18:06:16+00:00\",\"breadcrumb\":{\"@id\":\"https:\/\/demo2.cafegransasso.com\/shop\/caffesso-caramel-nespresso-compatible-capsules\/#breadcrumb\"},\"inLanguage\":\"fr-ca\",\"potentialAction\":[{\"@type\":\"ReadAction\",\"target\":[\"https:\/\/demo2.cafegransasso.com\/shop\/caffesso-caramel-nespresso-compatible-capsules\/\"]}]},{\"@type\":\"ImageObject\",\"inLanguage\":\"fr-ca\",\"@id\":\"https:\/\/demo2.cafegransasso.com\/shop\/caffesso-caramel-nespresso-compatible-capsules\/#primaryimage\",\"url\":\"https:\/\/demo2.cafegransasso.com\/wp-content\/uploads\/2023\/12\/caffesso-caramel_900x.webp\",\"contentUrl\":\"https:\/\/demo2.cafegransasso.com\/wp-content\/uploads\/2023\/12\/caffesso-caramel_900x.webp\",\"width\":600,\"height\":600},{\"@type\":\"BreadcrumbList\",\"@id\":\"https:\/\/demo2.cafegransasso.com\/shop\/caffesso-caramel-nespresso-compatible-capsules\/#breadcrumb\",\"itemListElement\":[{\"@type\":\"ListItem\",\"position\":1,\"name\":\"Home\",\"item\":\"https:\/\/demo2.cafegransasso.com\/fr\/\"},{\"@type\":\"ListItem\",\"position\":2,\"name\":\"Shop\",\"item\":\"https:\/\/demo2.cafegransasso.com\/shop\/\"},{\"@type\":\"ListItem\",\"position\":3,\"name\":\"Caffesso Caramel Nespresso Compatible Capsules\"}]},{\"@type\":\"WebSite\",\"@id\":\"https:\/\/demo2.cafegransasso.com\/fr\/#website\",\"url\":\"https:\/\/demo2.cafegransasso.com\/fr\/\",\"name\":\"Cafe Gran Sasso\",\"description\":\"From Bean to Brew: Coffee Solutions for Businesses.\",\"publisher\":{\"@id\":\"https:\/\/demo2.cafegransasso.com\/fr\/#organization\"},\"potentialAction\":[{\"@type\":\"SearchAction\",\"target\":{\"@type\":\"EntryPoint\",\"urlTemplate\":\"https:\/\/demo2.cafegransasso.com\/fr\/?s={search_term_string}\"},\"query-input\":{\"@type\":\"PropertyValueSpecification\",\"valueRequired\":true,\"valueName\":\"search_term_string\"}}],\"inLanguage\":\"fr-ca\"},{\"@type\":\"Organization\",\"@id\":\"https:\/\/demo2.cafegransasso.com\/fr\/#organization\",\"name\":\"Cafe Gran Sasso\",\"url\":\"https:\/\/demo2.cafegransasso.com\/fr\/\",\"logo\":{\"@type\":\"ImageObject\",\"inLanguage\":\"fr-ca\",\"@id\":\"https:\/\/demo2.cafegransasso.com\/fr\/#\/schema\/logo\/image\/\",\"url\":\"https:\/\/demo2.cafegransasso.com\/wp-content\/uploads\/2024\/09\/GS-logo-Red-1-removebg-preview.png\",\"contentUrl\":\"https:\/\/demo2.cafegransasso.com\/wp-content\/uploads\/2024\/09\/GS-logo-Red-1-removebg-preview.png\",\"width\":360,\"height\":149,\"caption\":\"Cafe Gran Sasso\"},\"image\":{\"@id\":\"https:\/\/demo2.cafegransasso.com\/fr\/#\/schema\/logo\/image\/\"},\"sameAs\":[\"https:\/\/www.facebook.com\/CafeGranSasso\/\",\"https:\/\/www.instagram.com\/cafe_gransasso\/\"]}]}<\/script>\n<!-- \/ Yoast SEO plugin. -->","yoast_head_json":{"title":"Caffesso Caramel Nespresso Compatible Capsules - Cafe Gran Sasso","robots":{"index":"noindex","follow":"follow","max-snippet":"max-snippet:-1","max-image-preview":"max-image-preview:large","max-video-preview":"max-video-preview:-1"},"og_locale":"fr_FR","og_type":"article","og_title":"Caffesso Caramel Nespresso Compatible Capsules - Cafe Gran Sasso","og_description":"A perfect blend of slowly roasted South American and Asian coffees with delicious hints of caramel. Intensity 5\/12 Content: 10","og_url":"https:\/\/demo2.cafegransasso.com\/fr\/shop\/caffesso-caramel-nespresso-compatible-capsules\/","og_site_name":"Cafe Gran Sasso","article_publisher":"https:\/\/www.facebook.com\/CafeGranSasso\/","article_modified_time":"2023-12-16T18:06:16+00:00","og_image":[{"width":600,"height":600,"url":"https:\/\/demo2.cafegransasso.com\/wp-content\/uploads\/2023\/12\/caffesso-caramel_900x.webp","type":"image\/webp"}],"twitter_card":"summary_large_image","schema":{"@context":"https:\/\/schema.org","@graph":[{"@type":"WebPage","@id":"https:\/\/demo2.cafegransasso.com\/shop\/caffesso-caramel-nespresso-compatible-capsules\/","url":"https:\/\/demo2.cafegransasso.com\/shop\/caffesso-caramel-nespresso-compatible-capsules\/","name":"Caffesso Caramel Nespresso Compatible Capsules - Cafe Gran Sasso","isPartOf":{"@id":"https:\/\/demo2.cafegransasso.com\/fr\/#website"},"primaryImageOfPage":{"@id":"https:\/\/demo2.cafegransasso.com\/shop\/caffesso-caramel-nespresso-compatible-capsules\/#primaryimage"},"image":{"@id":"https:\/\/demo2.cafegransasso.com\/shop\/caffesso-caramel-nespresso-compatible-capsules\/#primaryimage"},"thumbnailUrl":"https:\/\/demo2.cafegransasso.com\/wp-content\/uploads\/2023\/12\/caffesso-caramel_900x.webp","datePublished":"2023-12-16T17:59:25+00:00","dateModified":"2023-12-16T18:06:16+00:00","breadcrumb":{"@id":"https:\/\/demo2.cafegransasso.com\/shop\/caffesso-caramel-nespresso-compatible-capsules\/#breadcrumb"},"inLanguage":"fr-ca","potentialAction":[{"@type":"ReadAction","target":["https:\/\/demo2.cafegransasso.com\/shop\/caffesso-caramel-nespresso-compatible-capsules\/"]}]},{"@type":"ImageObject","inLanguage":"fr-ca","@id":"https:\/\/demo2.cafegransasso.com\/shop\/caffesso-caramel-nespresso-compatible-capsules\/#primaryimage","url":"https:\/\/demo2.cafegransasso.com\/wp-content\/uploads\/2023\/12\/caffesso-caramel_900x.webp","contentUrl":"https:\/\/demo2.cafegransasso.com\/wp-content\/uploads\/2023\/12\/caffesso-caramel_900x.webp","width":600,"height":600},{"@type":"BreadcrumbList","@id":"https:\/\/demo2.cafegransasso.com\/shop\/caffesso-caramel-nespresso-compatible-capsules\/#breadcrumb","itemListElement":[{"@type":"ListItem","position":1,"name":"Home","item":"https:\/\/demo2.cafegransasso.com\/fr\/"},{"@type":"ListItem","position":2,"name":"Shop","item":"https:\/\/demo2.cafegransasso.com\/shop\/"},{"@type":"ListItem","position":3,"name":"Caffesso Caramel Nespresso Compatible Capsules"}]},{"@type":"WebSite","@id":"https:\/\/demo2.cafegransasso.com\/fr\/#website","url":"https:\/\/demo2.cafegransasso.com\/fr\/","name":"Cafe Gran Sasso","description":"From Bean to Brew: Coffee Solutions for Businesses.","publisher":{"@id":"https:\/\/demo2.cafegransasso.com\/fr\/#organization"},"potentialAction":[{"@type":"SearchAction","target":{"@type":"EntryPoint","urlTemplate":"https:\/\/demo2.cafegransasso.com\/fr\/?s={search_term_string}"},"query-input":{"@type":"PropertyValueSpecification","valueRequired":true,"valueName":"search_term_string"}}],"inLanguage":"fr-ca"},{"@type":"Organization","@id":"https:\/\/demo2.cafegransasso.com\/fr\/#organization","name":"Cafe Gran Sasso","url":"https:\/\/demo2.cafegransasso.com\/fr\/","logo":{"@type":"ImageObject","inLanguage":"fr-ca","@id":"https:\/\/demo2.cafegransasso.com\/fr\/#\/schema\/logo\/image\/","url":"https:\/\/demo2.cafegransasso.com\/wp-content\/uploads\/2024\/09\/GS-logo-Red-1-removebg-preview.png","contentUrl":"https:\/\/demo2.cafegransasso.com\/wp-content\/uploads\/2024\/09\/GS-logo-Red-1-removebg-preview.png","width":360,"height":149,"caption":"Cafe Gran Sasso"},"image":{"@id":"https:\/\/demo2.cafegransasso.com\/fr\/#\/schema\/logo\/image\/"},"sameAs":["https:\/\/www.facebook.com\/CafeGranSasso\/","https:\/\/www.instagram.com\/cafe_gransasso\/"]}]}},"_links":{"self":[{"href":"https:\/\/demo2.cafegransasso.com\/fr\/wp-json\/wp\/v2\/product\/14067","targetHints":{"allow":["GET"]}}],"collection":[{"href":"https:\/\/demo2.cafegransasso.com\/fr\/wp-json\/wp\/v2\/product"}],"about":[{"href":"https:\/\/demo2.cafegransasso.com\/fr\/wp-json\/wp\/v2\/types\/product"}],"replies":[{"embeddable":true,"href":"https:\/\/demo2.cafegransasso.com\/fr\/wp-json\/wp\/v2\/comments?post=14067"}],"version-history":[{"count":0,"href":"https:\/\/demo2.cafegransasso.com\/fr\/wp-json\/wp\/v2\/product\/14067\/revisions"}],"wp:featuredmedia":[{"embeddable":true,"href":"https:\/\/demo2.cafegransasso.com\/fr\/wp-json\/wp\/v2\/media\/14071"}],"wp:attachment":[{"href":"https:\/\/demo2.cafegransasso.com\/fr\/wp-json\/wp\/v2\/media?parent=14067"}],"wp:term":[{"taxonomy":"product_brand","embeddable":true,"href":"https:\/\/demo2.cafegransasso.com\/fr\/wp-json\/wp\/v2\/product_brand?post=14067"},{"taxonomy":"product_cat","embeddable":true,"href":"https:\/\/demo2.cafegransasso.com\/fr\/wp-json\/wp\/v2\/product_cat?post=14067"},{"taxonomy":"product_tag","embeddable":true,"href":"https:\/\/demo2.cafegransasso.com\/fr\/wp-json\/wp\/v2\/product_tag?post=14067"}],"curies":[{"name":"wp","href":"https:\/\/api.w.org\/{rel}","templated":true}]}}