{"id":12993,"date":"2020-09-26T15:08:41","date_gmt":"2020-09-26T19:08:41","guid":{"rendered":"https:\/\/www.cafegransasso.com\/?post_type=product&#038;p=12993"},"modified":"2025-01-28T19:39:34","modified_gmt":"2025-01-29T00:39:34","slug":"flexicup-m29","status":"publish","type":"product","link":"https:\/\/demo2.cafegransasso.com\/fr\/shop\/flexicup-m29\/","title":{"rendered":"FLEXICUP M29"},"content":{"rendered":"<p>M29<\/p>\n<div>\n<div>Compacte, mais tr\u00e8s performante, la M29 se glisse presque partout et est tr\u00e8s facile \u00e0 utiliser. La machine dispose d'un d\u00e9gagement en hauteur qui permet d'accueillir presque tous les types de tasses et de mugs de voyage. Gr\u00e2ce au portionnement automatique et \u00e0 un tiroir \u00e0 capsules plus grand, vous pouvez pr\u00e9parer des caf\u00e9s expresso et des caf\u00e9s goutte \u00e0 goutte parfaits d'un seul geste.<\/div>\n<div><\/div>\n<\/div>\n<ul>\n<li>Type de boisson : espresso, lungo, caf\u00e9 au goutte-\u00e0-goutte, eau chaude<\/li>\n<li>Distributeur de caf\u00e9 : trois hauteurs r\u00e9glables, 1,75 - 3,9 - 6,9 pouces<\/li>\n<li>Pompe : 15 bars pour l'espresso<\/li>\n<li>Pompe : 3,5 \u00e0 4,5 pour le caf\u00e9 au goutte-\u00e0-goutte<\/li>\n<li>Capacit\u00e9 du r\u00e9servoir d'eau : 1,5 L<\/li>\n<li>Capacit\u00e9 du tiroir \u00e0 capsules usag\u00e9es : 15 capsules<\/li>\n<li>Puissance : 120V \/ 60Hz \/1440W<\/li>\n<li>Poids : 4 kg (9 lb)<\/li>\n<li>Dimensions (H x L x P) : 284 x 148 x 364 mm (12,2'' x 5,8'' x 14,5'')<\/li>\n<\/ul>","protected":false},"excerpt":{"rendered":"<p>M29 Compact, but very capable, the M29 fits almost everywhere and is a breeze to use. The machine has an<\/p>","protected":false},"featured_media":12963,"comment_status":"open","ping_status":"closed","template":"","meta":[],"product_brand":[],"product_cat":[641,837,651,850],"product_tag":[522,623,843,854],"class_list":{"0":"post-12993","1":"product","2":"type-product","3":"status-publish","4":"has-post-thumbnail","6":"product_cat-single-serve","7":"product_cat-flexicup","8":"product_cat-brewers","9":"product_cat-flexicup-2","10":"product_tag-caffitaly","11":"product_tag-espresso-machine","12":"product_tag-flexicup","13":"product_tag-m29","15":"first","16":"instock","17":"sale","18":"taxable","19":"shipping-taxable","20":"purchasable","21":"product-type-simple"},"yoast_head":"<!-- This site is optimized with the Yoast SEO plugin v24.4 - https:\/\/yoast.com\/wordpress\/plugins\/seo\/ -->\n<title>FLEXICUP M29 - Cafe Gran Sasso<\/title>\n<meta name=\"robots\" content=\"noindex, follow, max-snippet:-1, max-image-preview:large, max-video-preview:-1\" \/>\n<meta property=\"og:locale\" content=\"fr_FR\" \/>\n<meta property=\"og:type\" content=\"article\" \/>\n<meta property=\"og:title\" content=\"FLEXICUP M29 - Cafe Gran Sasso\" \/>\n<meta property=\"og:description\" content=\"M29 Compact, but very capable, the M29 fits almost everywhere and is a breeze to use. The machine has an\" \/>\n<meta property=\"og:url\" content=\"https:\/\/demo2.cafegransasso.com\/fr\/shop\/flexicup-m29\/\" \/>\n<meta property=\"og:site_name\" content=\"Cafe Gran Sasso\" \/>\n<meta property=\"article:publisher\" content=\"https:\/\/www.facebook.com\/CafeGranSasso\/\" \/>\n<meta property=\"article:modified_time\" content=\"2025-01-29T00:39:34+00:00\" \/>\n<meta property=\"og:image\" content=\"https:\/\/demo2.cafegransasso.com\/wp-content\/uploads\/2020\/09\/M29_trequarti_erogazione-3-scaled.jpg\" \/>\n\t<meta property=\"og:image:width\" content=\"2560\" \/>\n\t<meta property=\"og:image:height\" content=\"1709\" \/>\n\t<meta property=\"og:image:type\" content=\"image\/jpeg\" \/>\n<meta name=\"twitter:card\" content=\"summary_large_image\" \/>\n<meta name=\"twitter:label1\" content=\"Est. reading time\" \/>\n\t<meta name=\"twitter:data1\" content=\"1 minute\" \/>\n<script type=\"application\/ld+json\" class=\"yoast-schema-graph\">{\"@context\":\"https:\/\/schema.org\",\"@graph\":[{\"@type\":\"WebPage\",\"@id\":\"https:\/\/demo2.cafegransasso.com\/shop\/flexicup-m29\/\",\"url\":\"https:\/\/demo2.cafegransasso.com\/shop\/flexicup-m29\/\",\"name\":\"FLEXICUP M29 - Cafe Gran Sasso\",\"isPartOf\":{\"@id\":\"https:\/\/demo2.cafegransasso.com\/fr\/#website\"},\"primaryImageOfPage\":{\"@id\":\"https:\/\/demo2.cafegransasso.com\/shop\/flexicup-m29\/#primaryimage\"},\"image\":{\"@id\":\"https:\/\/demo2.cafegransasso.com\/shop\/flexicup-m29\/#primaryimage\"},\"thumbnailUrl\":\"https:\/\/demo2.cafegransasso.com\/wp-content\/uploads\/2020\/09\/M29_trequarti_erogazione-3-scaled.jpg\",\"datePublished\":\"2020-09-26T19:08:41+00:00\",\"dateModified\":\"2025-01-29T00:39:34+00:00\",\"breadcrumb\":{\"@id\":\"https:\/\/demo2.cafegransasso.com\/shop\/flexicup-m29\/#breadcrumb\"},\"inLanguage\":\"fr-ca\",\"potentialAction\":[{\"@type\":\"ReadAction\",\"target\":[\"https:\/\/demo2.cafegransasso.com\/shop\/flexicup-m29\/\"]}]},{\"@type\":\"ImageObject\",\"inLanguage\":\"fr-ca\",\"@id\":\"https:\/\/demo2.cafegransasso.com\/shop\/flexicup-m29\/#primaryimage\",\"url\":\"https:\/\/demo2.cafegransasso.com\/wp-content\/uploads\/2020\/09\/M29_trequarti_erogazione-3-scaled.jpg\",\"contentUrl\":\"https:\/\/demo2.cafegransasso.com\/wp-content\/uploads\/2020\/09\/M29_trequarti_erogazione-3-scaled.jpg\",\"width\":2560,\"height\":1709},{\"@type\":\"BreadcrumbList\",\"@id\":\"https:\/\/demo2.cafegransasso.com\/shop\/flexicup-m29\/#breadcrumb\",\"itemListElement\":[{\"@type\":\"ListItem\",\"position\":1,\"name\":\"Home\",\"item\":\"https:\/\/demo2.cafegransasso.com\/fr\/\"},{\"@type\":\"ListItem\",\"position\":2,\"name\":\"Shop\",\"item\":\"https:\/\/demo2.cafegransasso.com\/shop\/\"},{\"@type\":\"ListItem\",\"position\":3,\"name\":\"FLEXICUP M29\"}]},{\"@type\":\"WebSite\",\"@id\":\"https:\/\/demo2.cafegransasso.com\/fr\/#website\",\"url\":\"https:\/\/demo2.cafegransasso.com\/fr\/\",\"name\":\"Cafe Gran Sasso\",\"description\":\"From Bean to Brew: Coffee Solutions for Businesses.\",\"publisher\":{\"@id\":\"https:\/\/demo2.cafegransasso.com\/fr\/#organization\"},\"potentialAction\":[{\"@type\":\"SearchAction\",\"target\":{\"@type\":\"EntryPoint\",\"urlTemplate\":\"https:\/\/demo2.cafegransasso.com\/fr\/?s={search_term_string}\"},\"query-input\":{\"@type\":\"PropertyValueSpecification\",\"valueRequired\":true,\"valueName\":\"search_term_string\"}}],\"inLanguage\":\"fr-ca\"},{\"@type\":\"Organization\",\"@id\":\"https:\/\/demo2.cafegransasso.com\/fr\/#organization\",\"name\":\"Cafe Gran Sasso\",\"url\":\"https:\/\/demo2.cafegransasso.com\/fr\/\",\"logo\":{\"@type\":\"ImageObject\",\"inLanguage\":\"fr-ca\",\"@id\":\"https:\/\/demo2.cafegransasso.com\/fr\/#\/schema\/logo\/image\/\",\"url\":\"https:\/\/demo2.cafegransasso.com\/wp-content\/uploads\/2024\/09\/GS-logo-Red-1-removebg-preview.png\",\"contentUrl\":\"https:\/\/demo2.cafegransasso.com\/wp-content\/uploads\/2024\/09\/GS-logo-Red-1-removebg-preview.png\",\"width\":360,\"height\":149,\"caption\":\"Cafe Gran Sasso\"},\"image\":{\"@id\":\"https:\/\/demo2.cafegransasso.com\/fr\/#\/schema\/logo\/image\/\"},\"sameAs\":[\"https:\/\/www.facebook.com\/CafeGranSasso\/\",\"https:\/\/www.instagram.com\/cafe_gransasso\/\"]}]}<\/script>\n<!-- \/ Yoast SEO plugin. -->","yoast_head_json":{"title":"FLEXICUP M29 - Cafe Gran Sasso","robots":{"index":"noindex","follow":"follow","max-snippet":"max-snippet:-1","max-image-preview":"max-image-preview:large","max-video-preview":"max-video-preview:-1"},"og_locale":"fr_FR","og_type":"article","og_title":"FLEXICUP M29 - Cafe Gran Sasso","og_description":"M29 Compact, but very capable, the M29 fits almost everywhere and is a breeze to use. The machine has an","og_url":"https:\/\/demo2.cafegransasso.com\/fr\/shop\/flexicup-m29\/","og_site_name":"Cafe Gran Sasso","article_publisher":"https:\/\/www.facebook.com\/CafeGranSasso\/","article_modified_time":"2025-01-29T00:39:34+00:00","og_image":[{"width":2560,"height":1709,"url":"https:\/\/demo2.cafegransasso.com\/wp-content\/uploads\/2020\/09\/M29_trequarti_erogazione-3-scaled.jpg","type":"image\/jpeg"}],"twitter_card":"summary_large_image","twitter_misc":{"Est. reading time":"1 minute"},"schema":{"@context":"https:\/\/schema.org","@graph":[{"@type":"WebPage","@id":"https:\/\/demo2.cafegransasso.com\/shop\/flexicup-m29\/","url":"https:\/\/demo2.cafegransasso.com\/shop\/flexicup-m29\/","name":"FLEXICUP M29 - Cafe Gran Sasso","isPartOf":{"@id":"https:\/\/demo2.cafegransasso.com\/fr\/#website"},"primaryImageOfPage":{"@id":"https:\/\/demo2.cafegransasso.com\/shop\/flexicup-m29\/#primaryimage"},"image":{"@id":"https:\/\/demo2.cafegransasso.com\/shop\/flexicup-m29\/#primaryimage"},"thumbnailUrl":"https:\/\/demo2.cafegransasso.com\/wp-content\/uploads\/2020\/09\/M29_trequarti_erogazione-3-scaled.jpg","datePublished":"2020-09-26T19:08:41+00:00","dateModified":"2025-01-29T00:39:34+00:00","breadcrumb":{"@id":"https:\/\/demo2.cafegransasso.com\/shop\/flexicup-m29\/#breadcrumb"},"inLanguage":"fr-ca","potentialAction":[{"@type":"ReadAction","target":["https:\/\/demo2.cafegransasso.com\/shop\/flexicup-m29\/"]}]},{"@type":"ImageObject","inLanguage":"fr-ca","@id":"https:\/\/demo2.cafegransasso.com\/shop\/flexicup-m29\/#primaryimage","url":"https:\/\/demo2.cafegransasso.com\/wp-content\/uploads\/2020\/09\/M29_trequarti_erogazione-3-scaled.jpg","contentUrl":"https:\/\/demo2.cafegransasso.com\/wp-content\/uploads\/2020\/09\/M29_trequarti_erogazione-3-scaled.jpg","width":2560,"height":1709},{"@type":"BreadcrumbList","@id":"https:\/\/demo2.cafegransasso.com\/shop\/flexicup-m29\/#breadcrumb","itemListElement":[{"@type":"ListItem","position":1,"name":"Home","item":"https:\/\/demo2.cafegransasso.com\/fr\/"},{"@type":"ListItem","position":2,"name":"Shop","item":"https:\/\/demo2.cafegransasso.com\/shop\/"},{"@type":"ListItem","position":3,"name":"FLEXICUP M29"}]},{"@type":"WebSite","@id":"https:\/\/demo2.cafegransasso.com\/fr\/#website","url":"https:\/\/demo2.cafegransasso.com\/fr\/","name":"Cafe Gran Sasso","description":"From Bean to Brew: Coffee Solutions for Businesses.","publisher":{"@id":"https:\/\/demo2.cafegransasso.com\/fr\/#organization"},"potentialAction":[{"@type":"SearchAction","target":{"@type":"EntryPoint","urlTemplate":"https:\/\/demo2.cafegransasso.com\/fr\/?s={search_term_string}"},"query-input":{"@type":"PropertyValueSpecification","valueRequired":true,"valueName":"search_term_string"}}],"inLanguage":"fr-ca"},{"@type":"Organization","@id":"https:\/\/demo2.cafegransasso.com\/fr\/#organization","name":"Cafe Gran Sasso","url":"https:\/\/demo2.cafegransasso.com\/fr\/","logo":{"@type":"ImageObject","inLanguage":"fr-ca","@id":"https:\/\/demo2.cafegransasso.com\/fr\/#\/schema\/logo\/image\/","url":"https:\/\/demo2.cafegransasso.com\/wp-content\/uploads\/2024\/09\/GS-logo-Red-1-removebg-preview.png","contentUrl":"https:\/\/demo2.cafegransasso.com\/wp-content\/uploads\/2024\/09\/GS-logo-Red-1-removebg-preview.png","width":360,"height":149,"caption":"Cafe Gran Sasso"},"image":{"@id":"https:\/\/demo2.cafegransasso.com\/fr\/#\/schema\/logo\/image\/"},"sameAs":["https:\/\/www.facebook.com\/CafeGranSasso\/","https:\/\/www.instagram.com\/cafe_gransasso\/"]}]}},"_links":{"self":[{"href":"https:\/\/demo2.cafegransasso.com\/fr\/wp-json\/wp\/v2\/product\/12993","targetHints":{"allow":["GET"]}}],"collection":[{"href":"https:\/\/demo2.cafegransasso.com\/fr\/wp-json\/wp\/v2\/product"}],"about":[{"href":"https:\/\/demo2.cafegransasso.com\/fr\/wp-json\/wp\/v2\/types\/product"}],"replies":[{"embeddable":true,"href":"https:\/\/demo2.cafegransasso.com\/fr\/wp-json\/wp\/v2\/comments?post=12993"}],"version-history":[{"count":2,"href":"https:\/\/demo2.cafegransasso.com\/fr\/wp-json\/wp\/v2\/product\/12993\/revisions"}],"predecessor-version":[{"id":28458,"href":"https:\/\/demo2.cafegransasso.com\/fr\/wp-json\/wp\/v2\/product\/12993\/revisions\/28458"}],"wp:featuredmedia":[{"embeddable":true,"href":"https:\/\/demo2.cafegransasso.com\/fr\/wp-json\/wp\/v2\/media\/12963"}],"wp:attachment":[{"href":"https:\/\/demo2.cafegransasso.com\/fr\/wp-json\/wp\/v2\/media?parent=12993"}],"wp:term":[{"taxonomy":"product_brand","embeddable":true,"href":"https:\/\/demo2.cafegransasso.com\/fr\/wp-json\/wp\/v2\/product_brand?post=12993"},{"taxonomy":"product_cat","embeddable":true,"href":"https:\/\/demo2.cafegransasso.com\/fr\/wp-json\/wp\/v2\/product_cat?post=12993"},{"taxonomy":"product_tag","embeddable":true,"href":"https:\/\/demo2.cafegransasso.com\/fr\/wp-json\/wp\/v2\/product_tag?post=12993"}],"curies":[{"name":"wp","href":"https:\/\/api.w.org\/{rel}","templated":true}]}}