{"id":12989,"date":"2020-09-26T14:52:09","date_gmt":"2020-09-26T18:52:09","guid":{"rendered":"https:\/\/www.cafegransasso.com\/?post_type=product&#038;p=12989"},"modified":"2025-01-24T08:37:42","modified_gmt":"2025-01-24T13:37:42","slug":"flexicup-house-blend-coffee","status":"publish","type":"product","link":"https:\/\/demo2.cafegransasso.com\/fr\/shop\/flexicup-house-blend-coffee\/","title":{"rendered":"FLEXICUP - Caf\u00e9 M\u00e9lange Maison *Commande sp\u00e9ciale*"},"content":{"rendered":"<div class=\"summary\">\n<div class=\"summary\">\n<div class=\"summary\">\n<div class=\"summary\">\n<div class=\"field field-name-body field-type-text-with-summary field-label-hidden\">\n<div class=\"field-items\">\n<div class=\"field-item even\">\n<div class=\"field field-name-body field-type-text-with-summary field-label-hidden\">\n<div class=\"field-items\">\n<div class=\"field-item even\">\n<div class=\"field field-name-body field-type-text-with-summary field-label-hidden\">\n<div class=\"field-items\">\n<div class=\"field-item even\">\n<div class=\"field field-name-body field-type-text-with-summary field-label-hidden\">\n<div class=\"field-items\">\n<div class=\"field-item even\">\n<div class=\"field field-name-body field-type-text-with-summary field-label-hidden\">\n<div class=\"field-items\">\n<div class=\"field-item even\">\n<div class=\"field field-name-body field-type-text-with-summary field-label-hidden\">\n<div class=\"field-items\">\n<div class=\"field-item even\">\n<p><strong>* Ce produit est disponible uniquement sur commande sp\u00e9ciale.\u00a0 La bo\u00eete de 48 capsules co\u00fbte 39,95 $. Veuillez appeler notre bureau pour passer votre commande.<\/strong><\/p>\n<p>Les grains des meilleurs caf\u00e9s d'Am\u00e9rique centrale et du Sud, caract\u00e9ris\u00e9s par une torr\u00e9faction moyenne, conf\u00e8rent \u00e0 cette boisson un \u00e9quilibre et des notes intenses de noisette, de chocolat et de fruits secs.<\/p>\n<\/div>\n<\/div>\n<\/div>\n<div class=\"force-icon\">Intensit\u00e9 8\/10<\/div>\n<p>Contenu : 48 capsules de 10,5 g de caf\u00e9 torr\u00e9fi\u00e9 et moulu.<\/p>\n<\/div>\n<\/div>\n<\/div>\n<\/div>\n<\/div>\n<\/div>\n<\/div>\n<\/div>\n<\/div>\n<\/div>\n<\/div>\n<\/div>\n<\/div>\n<\/div>\n<\/div>\n<\/div>\n<\/div>\n<\/div>\n<\/div>","protected":false},"excerpt":{"rendered":"<p>* This product is available by special order only.\u00a0 Box of 48 capsules is $39.95. Please call our office to<\/p>","protected":false},"featured_media":12955,"comment_status":"open","ping_status":"closed","template":"","meta":[],"product_brand":[],"product_cat":[641,837],"product_tag":[522,843,316,417],"class_list":{"0":"post-12989","1":"product","2":"type-product","3":"status-publish","4":"has-post-thumbnail","6":"product_cat-single-serve","7":"product_cat-flexicup","8":"product_tag-caffitaly","9":"product_tag-flexicup","10":"product_tag-house-blend","11":"product_tag-medium","13":"first","14":"onbackorder","15":"shipping-taxable","16":"product-type-simple"},"yoast_head":"<!-- This site is optimized with the Yoast SEO plugin v24.4 - https:\/\/yoast.com\/wordpress\/plugins\/seo\/ -->\n<title>FLEXICUP - House Blend Coffee *Special Order* - Cafe Gran Sasso<\/title>\n<meta name=\"robots\" content=\"noindex, follow, max-snippet:-1, max-image-preview:large, max-video-preview:-1\" \/>\n<meta property=\"og:locale\" content=\"fr_FR\" \/>\n<meta property=\"og:type\" content=\"article\" \/>\n<meta property=\"og:title\" content=\"FLEXICUP - House Blend Coffee *Special Order* - Cafe Gran Sasso\" \/>\n<meta property=\"og:description\" content=\"* This product is available by special order only.\u00a0 Box of 48 capsules is $39.95. Please call our office to\" \/>\n<meta property=\"og:url\" content=\"https:\/\/demo2.cafegransasso.com\/fr\/shop\/flexicup-house-blend-coffee\/\" \/>\n<meta property=\"og:site_name\" content=\"Cafe Gran Sasso\" \/>\n<meta property=\"article:publisher\" content=\"https:\/\/www.facebook.com\/CafeGranSasso\/\" \/>\n<meta property=\"article:modified_time\" content=\"2025-01-24T13:37:42+00:00\" \/>\n<meta property=\"og:image\" content=\"https:\/\/demo2.cafegransasso.com\/wp-content\/uploads\/2020\/09\/3d-flexicup-box-house-blend.png\" \/>\n\t<meta property=\"og:image:width\" content=\"1377\" \/>\n\t<meta property=\"og:image:height\" content=\"1377\" \/>\n\t<meta property=\"og:image:type\" content=\"image\/png\" \/>\n<meta name=\"twitter:card\" content=\"summary_large_image\" \/>\n<script type=\"application\/ld+json\" class=\"yoast-schema-graph\">{\"@context\":\"https:\/\/schema.org\",\"@graph\":[{\"@type\":\"WebPage\",\"@id\":\"https:\/\/demo2.cafegransasso.com\/shop\/flexicup-house-blend-coffee\/\",\"url\":\"https:\/\/demo2.cafegransasso.com\/shop\/flexicup-house-blend-coffee\/\",\"name\":\"FLEXICUP - House Blend Coffee *Special Order* - Cafe Gran Sasso\",\"isPartOf\":{\"@id\":\"https:\/\/demo2.cafegransasso.com\/fr\/#website\"},\"primaryImageOfPage\":{\"@id\":\"https:\/\/demo2.cafegransasso.com\/shop\/flexicup-house-blend-coffee\/#primaryimage\"},\"image\":{\"@id\":\"https:\/\/demo2.cafegransasso.com\/shop\/flexicup-house-blend-coffee\/#primaryimage\"},\"thumbnailUrl\":\"https:\/\/demo2.cafegransasso.com\/wp-content\/uploads\/2020\/09\/3d-flexicup-box-house-blend.png\",\"datePublished\":\"2020-09-26T18:52:09+00:00\",\"dateModified\":\"2025-01-24T13:37:42+00:00\",\"breadcrumb\":{\"@id\":\"https:\/\/demo2.cafegransasso.com\/shop\/flexicup-house-blend-coffee\/#breadcrumb\"},\"inLanguage\":\"fr-ca\",\"potentialAction\":[{\"@type\":\"ReadAction\",\"target\":[\"https:\/\/demo2.cafegransasso.com\/shop\/flexicup-house-blend-coffee\/\"]}]},{\"@type\":\"ImageObject\",\"inLanguage\":\"fr-ca\",\"@id\":\"https:\/\/demo2.cafegransasso.com\/shop\/flexicup-house-blend-coffee\/#primaryimage\",\"url\":\"https:\/\/demo2.cafegransasso.com\/wp-content\/uploads\/2020\/09\/3d-flexicup-box-house-blend.png\",\"contentUrl\":\"https:\/\/demo2.cafegransasso.com\/wp-content\/uploads\/2020\/09\/3d-flexicup-box-house-blend.png\",\"width\":1377,\"height\":1377},{\"@type\":\"BreadcrumbList\",\"@id\":\"https:\/\/demo2.cafegransasso.com\/shop\/flexicup-house-blend-coffee\/#breadcrumb\",\"itemListElement\":[{\"@type\":\"ListItem\",\"position\":1,\"name\":\"Home\",\"item\":\"https:\/\/demo2.cafegransasso.com\/fr\/\"},{\"@type\":\"ListItem\",\"position\":2,\"name\":\"Shop\",\"item\":\"https:\/\/demo2.cafegransasso.com\/shop\/\"},{\"@type\":\"ListItem\",\"position\":3,\"name\":\"FLEXICUP &#8211; House Blend Coffee *Special Order*\"}]},{\"@type\":\"WebSite\",\"@id\":\"https:\/\/demo2.cafegransasso.com\/fr\/#website\",\"url\":\"https:\/\/demo2.cafegransasso.com\/fr\/\",\"name\":\"Cafe Gran Sasso\",\"description\":\"From Bean to Brew: Coffee Solutions for Businesses.\",\"publisher\":{\"@id\":\"https:\/\/demo2.cafegransasso.com\/fr\/#organization\"},\"potentialAction\":[{\"@type\":\"SearchAction\",\"target\":{\"@type\":\"EntryPoint\",\"urlTemplate\":\"https:\/\/demo2.cafegransasso.com\/fr\/?s={search_term_string}\"},\"query-input\":{\"@type\":\"PropertyValueSpecification\",\"valueRequired\":true,\"valueName\":\"search_term_string\"}}],\"inLanguage\":\"fr-ca\"},{\"@type\":\"Organization\",\"@id\":\"https:\/\/demo2.cafegransasso.com\/fr\/#organization\",\"name\":\"Cafe Gran Sasso\",\"url\":\"https:\/\/demo2.cafegransasso.com\/fr\/\",\"logo\":{\"@type\":\"ImageObject\",\"inLanguage\":\"fr-ca\",\"@id\":\"https:\/\/demo2.cafegransasso.com\/fr\/#\/schema\/logo\/image\/\",\"url\":\"https:\/\/demo2.cafegransasso.com\/wp-content\/uploads\/2024\/09\/GS-logo-Red-1-removebg-preview.png\",\"contentUrl\":\"https:\/\/demo2.cafegransasso.com\/wp-content\/uploads\/2024\/09\/GS-logo-Red-1-removebg-preview.png\",\"width\":360,\"height\":149,\"caption\":\"Cafe Gran Sasso\"},\"image\":{\"@id\":\"https:\/\/demo2.cafegransasso.com\/fr\/#\/schema\/logo\/image\/\"},\"sameAs\":[\"https:\/\/www.facebook.com\/CafeGranSasso\/\",\"https:\/\/www.instagram.com\/cafe_gransasso\/\"]}]}<\/script>\n<!-- \/ Yoast SEO plugin. -->","yoast_head_json":{"title":"FLEXICUP - House Blend Coffee *Special Order* - Cafe Gran Sasso","robots":{"index":"noindex","follow":"follow","max-snippet":"max-snippet:-1","max-image-preview":"max-image-preview:large","max-video-preview":"max-video-preview:-1"},"og_locale":"fr_FR","og_type":"article","og_title":"FLEXICUP - House Blend Coffee *Special Order* - Cafe Gran Sasso","og_description":"* This product is available by special order only.\u00a0 Box of 48 capsules is $39.95. Please call our office to","og_url":"https:\/\/demo2.cafegransasso.com\/fr\/shop\/flexicup-house-blend-coffee\/","og_site_name":"Cafe Gran Sasso","article_publisher":"https:\/\/www.facebook.com\/CafeGranSasso\/","article_modified_time":"2025-01-24T13:37:42+00:00","og_image":[{"width":1377,"height":1377,"url":"https:\/\/demo2.cafegransasso.com\/wp-content\/uploads\/2020\/09\/3d-flexicup-box-house-blend.png","type":"image\/png"}],"twitter_card":"summary_large_image","schema":{"@context":"https:\/\/schema.org","@graph":[{"@type":"WebPage","@id":"https:\/\/demo2.cafegransasso.com\/shop\/flexicup-house-blend-coffee\/","url":"https:\/\/demo2.cafegransasso.com\/shop\/flexicup-house-blend-coffee\/","name":"FLEXICUP - House Blend Coffee *Special Order* - Cafe Gran Sasso","isPartOf":{"@id":"https:\/\/demo2.cafegransasso.com\/fr\/#website"},"primaryImageOfPage":{"@id":"https:\/\/demo2.cafegransasso.com\/shop\/flexicup-house-blend-coffee\/#primaryimage"},"image":{"@id":"https:\/\/demo2.cafegransasso.com\/shop\/flexicup-house-blend-coffee\/#primaryimage"},"thumbnailUrl":"https:\/\/demo2.cafegransasso.com\/wp-content\/uploads\/2020\/09\/3d-flexicup-box-house-blend.png","datePublished":"2020-09-26T18:52:09+00:00","dateModified":"2025-01-24T13:37:42+00:00","breadcrumb":{"@id":"https:\/\/demo2.cafegransasso.com\/shop\/flexicup-house-blend-coffee\/#breadcrumb"},"inLanguage":"fr-ca","potentialAction":[{"@type":"ReadAction","target":["https:\/\/demo2.cafegransasso.com\/shop\/flexicup-house-blend-coffee\/"]}]},{"@type":"ImageObject","inLanguage":"fr-ca","@id":"https:\/\/demo2.cafegransasso.com\/shop\/flexicup-house-blend-coffee\/#primaryimage","url":"https:\/\/demo2.cafegransasso.com\/wp-content\/uploads\/2020\/09\/3d-flexicup-box-house-blend.png","contentUrl":"https:\/\/demo2.cafegransasso.com\/wp-content\/uploads\/2020\/09\/3d-flexicup-box-house-blend.png","width":1377,"height":1377},{"@type":"BreadcrumbList","@id":"https:\/\/demo2.cafegransasso.com\/shop\/flexicup-house-blend-coffee\/#breadcrumb","itemListElement":[{"@type":"ListItem","position":1,"name":"Home","item":"https:\/\/demo2.cafegransasso.com\/fr\/"},{"@type":"ListItem","position":2,"name":"Shop","item":"https:\/\/demo2.cafegransasso.com\/shop\/"},{"@type":"ListItem","position":3,"name":"FLEXICUP &#8211; House Blend Coffee *Special Order*"}]},{"@type":"WebSite","@id":"https:\/\/demo2.cafegransasso.com\/fr\/#website","url":"https:\/\/demo2.cafegransasso.com\/fr\/","name":"Cafe Gran Sasso","description":"From Bean to Brew: Coffee Solutions for Businesses.","publisher":{"@id":"https:\/\/demo2.cafegransasso.com\/fr\/#organization"},"potentialAction":[{"@type":"SearchAction","target":{"@type":"EntryPoint","urlTemplate":"https:\/\/demo2.cafegransasso.com\/fr\/?s={search_term_string}"},"query-input":{"@type":"PropertyValueSpecification","valueRequired":true,"valueName":"search_term_string"}}],"inLanguage":"fr-ca"},{"@type":"Organization","@id":"https:\/\/demo2.cafegransasso.com\/fr\/#organization","name":"Cafe Gran Sasso","url":"https:\/\/demo2.cafegransasso.com\/fr\/","logo":{"@type":"ImageObject","inLanguage":"fr-ca","@id":"https:\/\/demo2.cafegransasso.com\/fr\/#\/schema\/logo\/image\/","url":"https:\/\/demo2.cafegransasso.com\/wp-content\/uploads\/2024\/09\/GS-logo-Red-1-removebg-preview.png","contentUrl":"https:\/\/demo2.cafegransasso.com\/wp-content\/uploads\/2024\/09\/GS-logo-Red-1-removebg-preview.png","width":360,"height":149,"caption":"Cafe Gran Sasso"},"image":{"@id":"https:\/\/demo2.cafegransasso.com\/fr\/#\/schema\/logo\/image\/"},"sameAs":["https:\/\/www.facebook.com\/CafeGranSasso\/","https:\/\/www.instagram.com\/cafe_gransasso\/"]}]}},"_links":{"self":[{"href":"https:\/\/demo2.cafegransasso.com\/fr\/wp-json\/wp\/v2\/product\/12989","targetHints":{"allow":["GET"]}}],"collection":[{"href":"https:\/\/demo2.cafegransasso.com\/fr\/wp-json\/wp\/v2\/product"}],"about":[{"href":"https:\/\/demo2.cafegransasso.com\/fr\/wp-json\/wp\/v2\/types\/product"}],"replies":[{"embeddable":true,"href":"https:\/\/demo2.cafegransasso.com\/fr\/wp-json\/wp\/v2\/comments?post=12989"}],"version-history":[{"count":2,"href":"https:\/\/demo2.cafegransasso.com\/fr\/wp-json\/wp\/v2\/product\/12989\/revisions"}],"predecessor-version":[{"id":28545,"href":"https:\/\/demo2.cafegransasso.com\/fr\/wp-json\/wp\/v2\/product\/12989\/revisions\/28545"}],"wp:featuredmedia":[{"embeddable":true,"href":"https:\/\/demo2.cafegransasso.com\/fr\/wp-json\/wp\/v2\/media\/12955"}],"wp:attachment":[{"href":"https:\/\/demo2.cafegransasso.com\/fr\/wp-json\/wp\/v2\/media?parent=12989"}],"wp:term":[{"taxonomy":"product_brand","embeddable":true,"href":"https:\/\/demo2.cafegransasso.com\/fr\/wp-json\/wp\/v2\/product_brand?post=12989"},{"taxonomy":"product_cat","embeddable":true,"href":"https:\/\/demo2.cafegransasso.com\/fr\/wp-json\/wp\/v2\/product_cat?post=12989"},{"taxonomy":"product_tag","embeddable":true,"href":"https:\/\/demo2.cafegransasso.com\/fr\/wp-json\/wp\/v2\/product_tag?post=12989"}],"curies":[{"name":"wp","href":"https:\/\/api.w.org\/{rel}","templated":true}]}}