{"id":12942,"date":"2020-09-20T12:10:49","date_gmt":"2020-09-20T16:10:49","guid":{"rendered":"https:\/\/www.cafegransasso.com\/?post_type=product&#038;p=12942"},"modified":"2025-01-22T15:08:18","modified_gmt":"2025-01-22T20:08:18","slug":"keurig-k2500-commercial-brewing-system","status":"publish","type":"product","link":"https:\/\/demo2.cafegransasso.com\/fr\/shop\/keurig-k2500-commercial-brewing-system\/","title":{"rendered":"Syst\u00e8me D'infusion Commercial Keurig\u00ae K2500"},"content":{"rendered":"<p>Pr\u00e9parez une tasse de caf\u00e9 frais avec cette machine \u00e0 caf\u00e9 de qualit\u00e9 commerciale Keurig K-2500 \u00e0 service unique. Id\u00e9ale pour les entreprises de taille moyenne \u00e0 grande. La K2500 est une machine \u00e0 remplissage direct qui se recharge automatiquement apr\u00e8s chaque infusion. Si la machine ne peut pas \u00eatre raccord\u00e9e, un r\u00e9servoir d'eau de 110 oz est disponible en option et permet un remplissage facile.<\/p>\n<p class=\"p1\"><strong><span class=\"s1\">Specifications<\/span><\/strong><\/p>\n<ul>\n<li><span class=\"s1\">3 options linguistiques<\/span><\/li>\n<li><span class=\"s1\">5 tailles de gobelets : 4, 6, 8, 10 et 12 oz.<\/span><\/li>\n<li><span class=\"s1\">Option d'infusion forte pour une infusion audacieuse \u00e0 la demande<\/span><\/li>\n<li><span class=\"s1\">Quiet Brew Technology\u00ae pour minimiser le bruit<\/span><\/li>\n<li><span class=\"s1\">Possibilit\u00e9 d'\u00eatre raccord\u00e9 \u00e0 la plomberie pour un infusion continue<\/span><\/li>\n<li><span class=\"s1\">Dimensions : 11.73\" H x 16.93\" D x 24\" W<\/span><\/li>\n<li><span class=\"s1\">Fabriqu\u00e9 en Chine<\/span><\/li>\n<li><span class=\"s1\">Certifi\u00e9 NSF<\/span><\/li>\n<\/ul>\n<p class=\"p1\"><span class=\"s1\"><strong>Garanties :<\/strong>\u00a0Garantie limit\u00e9e d'un an par Keurig<\/span><\/p>","protected":false},"excerpt":{"rendered":"<p>Brew a fresh cup of coffee with this Keurig K-2500 Single-Serve Commercial Coffeemaker. Ideal for medium- to large-sized businesses. The<\/p>","protected":false},"featured_media":12965,"comment_status":"open","ping_status":"closed","template":"","meta":[],"product_brand":[],"product_cat":[652],"product_tag":[735,858,307],"class_list":{"0":"post-12942","1":"product","2":"type-product","3":"status-publish","4":"has-post-thumbnail","6":"product_cat-keurig","7":"product_tag-commercial","8":"product_tag-k2500","9":"product_tag-keurig","11":"first","12":"instock","13":"taxable","14":"shipping-taxable","15":"purchasable","16":"product-type-simple"},"yoast_head":"<!-- This site is optimized with the Yoast SEO plugin v24.4 - https:\/\/yoast.com\/wordpress\/plugins\/seo\/ -->\n<title>Keurig\u00ae K2500 Commercial Brewing System - Cafe Gran Sasso<\/title>\n<meta name=\"robots\" content=\"noindex, follow, max-snippet:-1, max-image-preview:large, max-video-preview:-1\" \/>\n<meta property=\"og:locale\" content=\"fr_FR\" \/>\n<meta property=\"og:type\" content=\"article\" \/>\n<meta property=\"og:title\" content=\"Keurig\u00ae K2500 Commercial Brewing System - Cafe Gran Sasso\" \/>\n<meta property=\"og:description\" content=\"Brew a fresh cup of coffee with this Keurig K-2500 Single-Serve Commercial Coffeemaker. Ideal for medium- to large-sized businesses. The\" \/>\n<meta property=\"og:url\" content=\"https:\/\/demo2.cafegransasso.com\/fr\/shop\/keurig-k2500-commercial-brewing-system\/\" \/>\n<meta property=\"og:site_name\" content=\"Cafe Gran Sasso\" \/>\n<meta property=\"article:publisher\" content=\"https:\/\/www.facebook.com\/CafeGranSasso\/\" \/>\n<meta property=\"article:modified_time\" content=\"2025-01-22T20:08:18+00:00\" \/>\n<meta property=\"og:image\" content=\"https:\/\/demo2.cafegransasso.com\/wp-content\/uploads\/2020\/09\/633668-2.jpg\" \/>\n\t<meta property=\"og:image:width\" content=\"500\" \/>\n\t<meta property=\"og:image:height\" content=\"500\" \/>\n\t<meta property=\"og:image:type\" content=\"image\/jpeg\" \/>\n<meta name=\"twitter:card\" content=\"summary_large_image\" \/>\n<script type=\"application\/ld+json\" class=\"yoast-schema-graph\">{\"@context\":\"https:\/\/schema.org\",\"@graph\":[{\"@type\":\"WebPage\",\"@id\":\"https:\/\/demo2.cafegransasso.com\/shop\/keurig-k2500-commercial-brewing-system\/\",\"url\":\"https:\/\/demo2.cafegransasso.com\/shop\/keurig-k2500-commercial-brewing-system\/\",\"name\":\"Keurig\u00ae K2500 Commercial Brewing System - Cafe Gran Sasso\",\"isPartOf\":{\"@id\":\"https:\/\/demo2.cafegransasso.com\/fr\/#website\"},\"primaryImageOfPage\":{\"@id\":\"https:\/\/demo2.cafegransasso.com\/shop\/keurig-k2500-commercial-brewing-system\/#primaryimage\"},\"image\":{\"@id\":\"https:\/\/demo2.cafegransasso.com\/shop\/keurig-k2500-commercial-brewing-system\/#primaryimage\"},\"thumbnailUrl\":\"https:\/\/demo2.cafegransasso.com\/wp-content\/uploads\/2020\/09\/633668-2.jpg\",\"datePublished\":\"2020-09-20T16:10:49+00:00\",\"dateModified\":\"2025-01-22T20:08:18+00:00\",\"breadcrumb\":{\"@id\":\"https:\/\/demo2.cafegransasso.com\/shop\/keurig-k2500-commercial-brewing-system\/#breadcrumb\"},\"inLanguage\":\"fr-ca\",\"potentialAction\":[{\"@type\":\"ReadAction\",\"target\":[\"https:\/\/demo2.cafegransasso.com\/shop\/keurig-k2500-commercial-brewing-system\/\"]}]},{\"@type\":\"ImageObject\",\"inLanguage\":\"fr-ca\",\"@id\":\"https:\/\/demo2.cafegransasso.com\/shop\/keurig-k2500-commercial-brewing-system\/#primaryimage\",\"url\":\"https:\/\/demo2.cafegransasso.com\/wp-content\/uploads\/2020\/09\/633668-2.jpg\",\"contentUrl\":\"https:\/\/demo2.cafegransasso.com\/wp-content\/uploads\/2020\/09\/633668-2.jpg\",\"width\":500,\"height\":500},{\"@type\":\"BreadcrumbList\",\"@id\":\"https:\/\/demo2.cafegransasso.com\/shop\/keurig-k2500-commercial-brewing-system\/#breadcrumb\",\"itemListElement\":[{\"@type\":\"ListItem\",\"position\":1,\"name\":\"Home\",\"item\":\"https:\/\/demo2.cafegransasso.com\/fr\/\"},{\"@type\":\"ListItem\",\"position\":2,\"name\":\"Shop\",\"item\":\"https:\/\/demo2.cafegransasso.com\/shop\/\"},{\"@type\":\"ListItem\",\"position\":3,\"name\":\"Keurig\u00ae K2500 Commercial Brewing System\"}]},{\"@type\":\"WebSite\",\"@id\":\"https:\/\/demo2.cafegransasso.com\/fr\/#website\",\"url\":\"https:\/\/demo2.cafegransasso.com\/fr\/\",\"name\":\"Cafe Gran Sasso\",\"description\":\"From Bean to Brew: Coffee Solutions for Businesses.\",\"publisher\":{\"@id\":\"https:\/\/demo2.cafegransasso.com\/fr\/#organization\"},\"potentialAction\":[{\"@type\":\"SearchAction\",\"target\":{\"@type\":\"EntryPoint\",\"urlTemplate\":\"https:\/\/demo2.cafegransasso.com\/fr\/?s={search_term_string}\"},\"query-input\":{\"@type\":\"PropertyValueSpecification\",\"valueRequired\":true,\"valueName\":\"search_term_string\"}}],\"inLanguage\":\"fr-ca\"},{\"@type\":\"Organization\",\"@id\":\"https:\/\/demo2.cafegransasso.com\/fr\/#organization\",\"name\":\"Cafe Gran Sasso\",\"url\":\"https:\/\/demo2.cafegransasso.com\/fr\/\",\"logo\":{\"@type\":\"ImageObject\",\"inLanguage\":\"fr-ca\",\"@id\":\"https:\/\/demo2.cafegransasso.com\/fr\/#\/schema\/logo\/image\/\",\"url\":\"https:\/\/demo2.cafegransasso.com\/wp-content\/uploads\/2024\/09\/GS-logo-Red-1-removebg-preview.png\",\"contentUrl\":\"https:\/\/demo2.cafegransasso.com\/wp-content\/uploads\/2024\/09\/GS-logo-Red-1-removebg-preview.png\",\"width\":360,\"height\":149,\"caption\":\"Cafe Gran Sasso\"},\"image\":{\"@id\":\"https:\/\/demo2.cafegransasso.com\/fr\/#\/schema\/logo\/image\/\"},\"sameAs\":[\"https:\/\/www.facebook.com\/CafeGranSasso\/\",\"https:\/\/www.instagram.com\/cafe_gransasso\/\"]}]}<\/script>\n<!-- \/ Yoast SEO plugin. -->","yoast_head_json":{"title":"Keurig\u00ae K2500 Commercial Brewing System - Cafe Gran Sasso","robots":{"index":"noindex","follow":"follow","max-snippet":"max-snippet:-1","max-image-preview":"max-image-preview:large","max-video-preview":"max-video-preview:-1"},"og_locale":"fr_FR","og_type":"article","og_title":"Keurig\u00ae K2500 Commercial Brewing System - Cafe Gran Sasso","og_description":"Brew a fresh cup of coffee with this Keurig K-2500 Single-Serve Commercial Coffeemaker. Ideal for medium- to large-sized businesses. The","og_url":"https:\/\/demo2.cafegransasso.com\/fr\/shop\/keurig-k2500-commercial-brewing-system\/","og_site_name":"Cafe Gran Sasso","article_publisher":"https:\/\/www.facebook.com\/CafeGranSasso\/","article_modified_time":"2025-01-22T20:08:18+00:00","og_image":[{"width":500,"height":500,"url":"https:\/\/demo2.cafegransasso.com\/wp-content\/uploads\/2020\/09\/633668-2.jpg","type":"image\/jpeg"}],"twitter_card":"summary_large_image","schema":{"@context":"https:\/\/schema.org","@graph":[{"@type":"WebPage","@id":"https:\/\/demo2.cafegransasso.com\/shop\/keurig-k2500-commercial-brewing-system\/","url":"https:\/\/demo2.cafegransasso.com\/shop\/keurig-k2500-commercial-brewing-system\/","name":"Keurig\u00ae K2500 Commercial Brewing System - Cafe Gran Sasso","isPartOf":{"@id":"https:\/\/demo2.cafegransasso.com\/fr\/#website"},"primaryImageOfPage":{"@id":"https:\/\/demo2.cafegransasso.com\/shop\/keurig-k2500-commercial-brewing-system\/#primaryimage"},"image":{"@id":"https:\/\/demo2.cafegransasso.com\/shop\/keurig-k2500-commercial-brewing-system\/#primaryimage"},"thumbnailUrl":"https:\/\/demo2.cafegransasso.com\/wp-content\/uploads\/2020\/09\/633668-2.jpg","datePublished":"2020-09-20T16:10:49+00:00","dateModified":"2025-01-22T20:08:18+00:00","breadcrumb":{"@id":"https:\/\/demo2.cafegransasso.com\/shop\/keurig-k2500-commercial-brewing-system\/#breadcrumb"},"inLanguage":"fr-ca","potentialAction":[{"@type":"ReadAction","target":["https:\/\/demo2.cafegransasso.com\/shop\/keurig-k2500-commercial-brewing-system\/"]}]},{"@type":"ImageObject","inLanguage":"fr-ca","@id":"https:\/\/demo2.cafegransasso.com\/shop\/keurig-k2500-commercial-brewing-system\/#primaryimage","url":"https:\/\/demo2.cafegransasso.com\/wp-content\/uploads\/2020\/09\/633668-2.jpg","contentUrl":"https:\/\/demo2.cafegransasso.com\/wp-content\/uploads\/2020\/09\/633668-2.jpg","width":500,"height":500},{"@type":"BreadcrumbList","@id":"https:\/\/demo2.cafegransasso.com\/shop\/keurig-k2500-commercial-brewing-system\/#breadcrumb","itemListElement":[{"@type":"ListItem","position":1,"name":"Home","item":"https:\/\/demo2.cafegransasso.com\/fr\/"},{"@type":"ListItem","position":2,"name":"Shop","item":"https:\/\/demo2.cafegransasso.com\/shop\/"},{"@type":"ListItem","position":3,"name":"Keurig\u00ae K2500 Commercial Brewing System"}]},{"@type":"WebSite","@id":"https:\/\/demo2.cafegransasso.com\/fr\/#website","url":"https:\/\/demo2.cafegransasso.com\/fr\/","name":"Cafe Gran Sasso","description":"From Bean to Brew: Coffee Solutions for Businesses.","publisher":{"@id":"https:\/\/demo2.cafegransasso.com\/fr\/#organization"},"potentialAction":[{"@type":"SearchAction","target":{"@type":"EntryPoint","urlTemplate":"https:\/\/demo2.cafegransasso.com\/fr\/?s={search_term_string}"},"query-input":{"@type":"PropertyValueSpecification","valueRequired":true,"valueName":"search_term_string"}}],"inLanguage":"fr-ca"},{"@type":"Organization","@id":"https:\/\/demo2.cafegransasso.com\/fr\/#organization","name":"Cafe Gran Sasso","url":"https:\/\/demo2.cafegransasso.com\/fr\/","logo":{"@type":"ImageObject","inLanguage":"fr-ca","@id":"https:\/\/demo2.cafegransasso.com\/fr\/#\/schema\/logo\/image\/","url":"https:\/\/demo2.cafegransasso.com\/wp-content\/uploads\/2024\/09\/GS-logo-Red-1-removebg-preview.png","contentUrl":"https:\/\/demo2.cafegransasso.com\/wp-content\/uploads\/2024\/09\/GS-logo-Red-1-removebg-preview.png","width":360,"height":149,"caption":"Cafe Gran Sasso"},"image":{"@id":"https:\/\/demo2.cafegransasso.com\/fr\/#\/schema\/logo\/image\/"},"sameAs":["https:\/\/www.facebook.com\/CafeGranSasso\/","https:\/\/www.instagram.com\/cafe_gransasso\/"]}]}},"_links":{"self":[{"href":"https:\/\/demo2.cafegransasso.com\/fr\/wp-json\/wp\/v2\/product\/12942","targetHints":{"allow":["GET"]}}],"collection":[{"href":"https:\/\/demo2.cafegransasso.com\/fr\/wp-json\/wp\/v2\/product"}],"about":[{"href":"https:\/\/demo2.cafegransasso.com\/fr\/wp-json\/wp\/v2\/types\/product"}],"replies":[{"embeddable":true,"href":"https:\/\/demo2.cafegransasso.com\/fr\/wp-json\/wp\/v2\/comments?post=12942"}],"version-history":[{"count":1,"href":"https:\/\/demo2.cafegransasso.com\/fr\/wp-json\/wp\/v2\/product\/12942\/revisions"}],"predecessor-version":[{"id":28455,"href":"https:\/\/demo2.cafegransasso.com\/fr\/wp-json\/wp\/v2\/product\/12942\/revisions\/28455"}],"wp:featuredmedia":[{"embeddable":true,"href":"https:\/\/demo2.cafegransasso.com\/fr\/wp-json\/wp\/v2\/media\/12965"}],"wp:attachment":[{"href":"https:\/\/demo2.cafegransasso.com\/fr\/wp-json\/wp\/v2\/media?parent=12942"}],"wp:term":[{"taxonomy":"product_brand","embeddable":true,"href":"https:\/\/demo2.cafegransasso.com\/fr\/wp-json\/wp\/v2\/product_brand?post=12942"},{"taxonomy":"product_cat","embeddable":true,"href":"https:\/\/demo2.cafegransasso.com\/fr\/wp-json\/wp\/v2\/product_cat?post=12942"},{"taxonomy":"product_tag","embeddable":true,"href":"https:\/\/demo2.cafegransasso.com\/fr\/wp-json\/wp\/v2\/product_tag?post=12942"}],"curies":[{"name":"wp","href":"https:\/\/api.w.org\/{rel}","templated":true}]}}