{"id":11479,"date":"2016-07-21T17:15:57","date_gmt":"2016-07-21T21:15:57","guid":{"rendered":"http:\/\/demo4.aikitech.ca\/shop\/delicato-decaffeinato\/"},"modified":"2025-01-22T13:13:45","modified_gmt":"2025-01-22T18:13:45","slug":"delicato-decaffeinato","status":"publish","type":"product","link":"https:\/\/demo2.cafegransasso.com\/fr\/shop\/delicato-decaffeinato\/","title":{"rendered":"CAFFITALY &#8211; DELICATO DECAFFEINATO"},"content":{"rendered":"<div class=\"summary\">\n<div class=\"summary\">\n<div class=\"summary\">\n<div class=\"summary\">\n<div class=\"field field-name-body field-type-text-with-summary field-label-hidden\">\n<div class=\"field-items\">\n<div class=\"field-item even\">\n<div class=\"field field-name-body field-type-text-with-summary field-label-hidden\">\n<div class=\"field-items\">\n<div class=\"field-item even\">\n<div class=\"field field-name-body field-type-text-with-summary field-label-hidden\">\n<div class=\"field-items\">\n<div class=\"field-item even\">\n<p>Espresso d\u00e9caf\u00e9in\u00e9 au go\u00fbt plein et velout\u00e9 qui n'alt\u00e8re pas l'ar\u00f4me intense du caf\u00e9. \u00c0 d\u00e9guster \u00e0 tout moment, gr\u00e2ce \u00e0 sa teneur en caf\u00e9ine inf\u00e9rieure \u00e0 0,1 %.<\/p>\n<p>100% Arabica<\/p>\n<div class=\"force-icon\"><span class=\"title-force\">Intensit\u00e9 7\/10<br \/>\n<\/span><\/div>\n<p><span class=\"sub-prix\">Contenu : 10 capsules de 8g de caf\u00e9 torr\u00e9fi\u00e9 et moulu.<\/span><\/p>\n<\/div>\n<\/div>\n<\/div>\n<\/div>\n<\/div>\n<\/div>\n<\/div>\n<\/div>\n<\/div>\n<\/div>\n<\/div>\n<\/div>\n<\/div>","protected":false},"excerpt":{"rendered":"<p>Decaffeinated espresso with a full, velvety taste that does not alter the intense aroma of the coffee. To be enjoyed<\/p>","protected":false},"featured_media":14109,"comment_status":"open","ping_status":"closed","template":"","meta":[],"product_brand":[],"product_cat":[641,193],"product_tag":[522,425,523,417],"class_list":{"0":"post-11479","1":"product","2":"type-product","3":"status-publish","4":"has-post-thumbnail","6":"product_cat-single-serve","7":"product_cat-caffitaly-capsules","8":"product_tag-caffitaly","9":"product_tag-decaf","10":"product_tag-espresso","11":"product_tag-medium","13":"first","14":"instock","15":"shipping-taxable","16":"purchasable","17":"product-type-simple"},"yoast_head":"<!-- This site is optimized with the Yoast SEO plugin v24.4 - https:\/\/yoast.com\/wordpress\/plugins\/seo\/ -->\n<title>CAFFITALY - DELICATO DECAFFEINATO - Cafe Gran Sasso<\/title>\n<meta name=\"robots\" content=\"noindex, follow, max-snippet:-1, max-image-preview:large, max-video-preview:-1\" \/>\n<meta property=\"og:locale\" content=\"fr_FR\" \/>\n<meta property=\"og:type\" content=\"article\" \/>\n<meta property=\"og:title\" content=\"CAFFITALY - DELICATO DECAFFEINATO - Cafe Gran Sasso\" \/>\n<meta property=\"og:description\" content=\"Decaffeinated espresso with a full, velvety taste that does not alter the intense aroma of the coffee. To be enjoyed\" \/>\n<meta property=\"og:url\" content=\"https:\/\/demo2.cafegransasso.com\/fr\/shop\/delicato-decaffeinato\/\" \/>\n<meta property=\"og:site_name\" content=\"Cafe Gran Sasso\" \/>\n<meta property=\"article:publisher\" content=\"https:\/\/www.facebook.com\/CafeGranSasso\/\" \/>\n<meta property=\"article:modified_time\" content=\"2025-01-22T18:13:45+00:00\" \/>\n<meta property=\"og:image\" content=\"https:\/\/demo2.cafegransasso.com\/wp-content\/uploads\/2016\/07\/capsule-caffitalydecaffeinatodelicato-300x300-1.png\" \/>\n\t<meta property=\"og:image:width\" content=\"300\" \/>\n\t<meta property=\"og:image:height\" content=\"300\" \/>\n\t<meta property=\"og:image:type\" content=\"image\/png\" \/>\n<meta name=\"twitter:card\" content=\"summary_large_image\" \/>\n<script type=\"application\/ld+json\" class=\"yoast-schema-graph\">{\"@context\":\"https:\/\/schema.org\",\"@graph\":[{\"@type\":\"WebPage\",\"@id\":\"https:\/\/demo2.cafegransasso.com\/shop\/delicato-decaffeinato\/\",\"url\":\"https:\/\/demo2.cafegransasso.com\/shop\/delicato-decaffeinato\/\",\"name\":\"CAFFITALY - DELICATO DECAFFEINATO - Cafe Gran Sasso\",\"isPartOf\":{\"@id\":\"https:\/\/demo2.cafegransasso.com\/fr\/#website\"},\"primaryImageOfPage\":{\"@id\":\"https:\/\/demo2.cafegransasso.com\/shop\/delicato-decaffeinato\/#primaryimage\"},\"image\":{\"@id\":\"https:\/\/demo2.cafegransasso.com\/shop\/delicato-decaffeinato\/#primaryimage\"},\"thumbnailUrl\":\"https:\/\/demo2.cafegransasso.com\/wp-content\/uploads\/2016\/07\/capsule-caffitalydecaffeinatodelicato-300x300-1.png\",\"datePublished\":\"2016-07-21T21:15:57+00:00\",\"dateModified\":\"2025-01-22T18:13:45+00:00\",\"breadcrumb\":{\"@id\":\"https:\/\/demo2.cafegransasso.com\/shop\/delicato-decaffeinato\/#breadcrumb\"},\"inLanguage\":\"fr-ca\",\"potentialAction\":[{\"@type\":\"ReadAction\",\"target\":[\"https:\/\/demo2.cafegransasso.com\/shop\/delicato-decaffeinato\/\"]}]},{\"@type\":\"ImageObject\",\"inLanguage\":\"fr-ca\",\"@id\":\"https:\/\/demo2.cafegransasso.com\/shop\/delicato-decaffeinato\/#primaryimage\",\"url\":\"https:\/\/demo2.cafegransasso.com\/wp-content\/uploads\/2016\/07\/capsule-caffitalydecaffeinatodelicato-300x300-1.png\",\"contentUrl\":\"https:\/\/demo2.cafegransasso.com\/wp-content\/uploads\/2016\/07\/capsule-caffitalydecaffeinatodelicato-300x300-1.png\",\"width\":300,\"height\":300},{\"@type\":\"BreadcrumbList\",\"@id\":\"https:\/\/demo2.cafegransasso.com\/shop\/delicato-decaffeinato\/#breadcrumb\",\"itemListElement\":[{\"@type\":\"ListItem\",\"position\":1,\"name\":\"Home\",\"item\":\"https:\/\/demo2.cafegransasso.com\/fr\/\"},{\"@type\":\"ListItem\",\"position\":2,\"name\":\"Shop\",\"item\":\"https:\/\/demo2.cafegransasso.com\/shop\/\"},{\"@type\":\"ListItem\",\"position\":3,\"name\":\"CAFFITALY &#8211; DELICATO DECAFFEINATO\"}]},{\"@type\":\"WebSite\",\"@id\":\"https:\/\/demo2.cafegransasso.com\/fr\/#website\",\"url\":\"https:\/\/demo2.cafegransasso.com\/fr\/\",\"name\":\"Cafe Gran Sasso\",\"description\":\"From Bean to Brew: Coffee Solutions for Businesses.\",\"publisher\":{\"@id\":\"https:\/\/demo2.cafegransasso.com\/fr\/#organization\"},\"potentialAction\":[{\"@type\":\"SearchAction\",\"target\":{\"@type\":\"EntryPoint\",\"urlTemplate\":\"https:\/\/demo2.cafegransasso.com\/fr\/?s={search_term_string}\"},\"query-input\":{\"@type\":\"PropertyValueSpecification\",\"valueRequired\":true,\"valueName\":\"search_term_string\"}}],\"inLanguage\":\"fr-ca\"},{\"@type\":\"Organization\",\"@id\":\"https:\/\/demo2.cafegransasso.com\/fr\/#organization\",\"name\":\"Cafe Gran Sasso\",\"url\":\"https:\/\/demo2.cafegransasso.com\/fr\/\",\"logo\":{\"@type\":\"ImageObject\",\"inLanguage\":\"fr-ca\",\"@id\":\"https:\/\/demo2.cafegransasso.com\/fr\/#\/schema\/logo\/image\/\",\"url\":\"https:\/\/demo2.cafegransasso.com\/wp-content\/uploads\/2024\/09\/GS-logo-Red-1-removebg-preview.png\",\"contentUrl\":\"https:\/\/demo2.cafegransasso.com\/wp-content\/uploads\/2024\/09\/GS-logo-Red-1-removebg-preview.png\",\"width\":360,\"height\":149,\"caption\":\"Cafe Gran Sasso\"},\"image\":{\"@id\":\"https:\/\/demo2.cafegransasso.com\/fr\/#\/schema\/logo\/image\/\"},\"sameAs\":[\"https:\/\/www.facebook.com\/CafeGranSasso\/\",\"https:\/\/www.instagram.com\/cafe_gransasso\/\"]}]}<\/script>\n<!-- \/ Yoast SEO plugin. -->","yoast_head_json":{"title":"CAFFITALY - DELICATO DECAFFEINATO - Cafe Gran Sasso","robots":{"index":"noindex","follow":"follow","max-snippet":"max-snippet:-1","max-image-preview":"max-image-preview:large","max-video-preview":"max-video-preview:-1"},"og_locale":"fr_FR","og_type":"article","og_title":"CAFFITALY - DELICATO DECAFFEINATO - Cafe Gran Sasso","og_description":"Decaffeinated espresso with a full, velvety taste that does not alter the intense aroma of the coffee. To be enjoyed","og_url":"https:\/\/demo2.cafegransasso.com\/fr\/shop\/delicato-decaffeinato\/","og_site_name":"Cafe Gran Sasso","article_publisher":"https:\/\/www.facebook.com\/CafeGranSasso\/","article_modified_time":"2025-01-22T18:13:45+00:00","og_image":[{"width":300,"height":300,"url":"https:\/\/demo2.cafegransasso.com\/wp-content\/uploads\/2016\/07\/capsule-caffitalydecaffeinatodelicato-300x300-1.png","type":"image\/png"}],"twitter_card":"summary_large_image","schema":{"@context":"https:\/\/schema.org","@graph":[{"@type":"WebPage","@id":"https:\/\/demo2.cafegransasso.com\/shop\/delicato-decaffeinato\/","url":"https:\/\/demo2.cafegransasso.com\/shop\/delicato-decaffeinato\/","name":"CAFFITALY - DELICATO DECAFFEINATO - Cafe Gran Sasso","isPartOf":{"@id":"https:\/\/demo2.cafegransasso.com\/fr\/#website"},"primaryImageOfPage":{"@id":"https:\/\/demo2.cafegransasso.com\/shop\/delicato-decaffeinato\/#primaryimage"},"image":{"@id":"https:\/\/demo2.cafegransasso.com\/shop\/delicato-decaffeinato\/#primaryimage"},"thumbnailUrl":"https:\/\/demo2.cafegransasso.com\/wp-content\/uploads\/2016\/07\/capsule-caffitalydecaffeinatodelicato-300x300-1.png","datePublished":"2016-07-21T21:15:57+00:00","dateModified":"2025-01-22T18:13:45+00:00","breadcrumb":{"@id":"https:\/\/demo2.cafegransasso.com\/shop\/delicato-decaffeinato\/#breadcrumb"},"inLanguage":"fr-ca","potentialAction":[{"@type":"ReadAction","target":["https:\/\/demo2.cafegransasso.com\/shop\/delicato-decaffeinato\/"]}]},{"@type":"ImageObject","inLanguage":"fr-ca","@id":"https:\/\/demo2.cafegransasso.com\/shop\/delicato-decaffeinato\/#primaryimage","url":"https:\/\/demo2.cafegransasso.com\/wp-content\/uploads\/2016\/07\/capsule-caffitalydecaffeinatodelicato-300x300-1.png","contentUrl":"https:\/\/demo2.cafegransasso.com\/wp-content\/uploads\/2016\/07\/capsule-caffitalydecaffeinatodelicato-300x300-1.png","width":300,"height":300},{"@type":"BreadcrumbList","@id":"https:\/\/demo2.cafegransasso.com\/shop\/delicato-decaffeinato\/#breadcrumb","itemListElement":[{"@type":"ListItem","position":1,"name":"Home","item":"https:\/\/demo2.cafegransasso.com\/fr\/"},{"@type":"ListItem","position":2,"name":"Shop","item":"https:\/\/demo2.cafegransasso.com\/shop\/"},{"@type":"ListItem","position":3,"name":"CAFFITALY &#8211; DELICATO DECAFFEINATO"}]},{"@type":"WebSite","@id":"https:\/\/demo2.cafegransasso.com\/fr\/#website","url":"https:\/\/demo2.cafegransasso.com\/fr\/","name":"Cafe Gran Sasso","description":"From Bean to Brew: Coffee Solutions for Businesses.","publisher":{"@id":"https:\/\/demo2.cafegransasso.com\/fr\/#organization"},"potentialAction":[{"@type":"SearchAction","target":{"@type":"EntryPoint","urlTemplate":"https:\/\/demo2.cafegransasso.com\/fr\/?s={search_term_string}"},"query-input":{"@type":"PropertyValueSpecification","valueRequired":true,"valueName":"search_term_string"}}],"inLanguage":"fr-ca"},{"@type":"Organization","@id":"https:\/\/demo2.cafegransasso.com\/fr\/#organization","name":"Cafe Gran Sasso","url":"https:\/\/demo2.cafegransasso.com\/fr\/","logo":{"@type":"ImageObject","inLanguage":"fr-ca","@id":"https:\/\/demo2.cafegransasso.com\/fr\/#\/schema\/logo\/image\/","url":"https:\/\/demo2.cafegransasso.com\/wp-content\/uploads\/2024\/09\/GS-logo-Red-1-removebg-preview.png","contentUrl":"https:\/\/demo2.cafegransasso.com\/wp-content\/uploads\/2024\/09\/GS-logo-Red-1-removebg-preview.png","width":360,"height":149,"caption":"Cafe Gran Sasso"},"image":{"@id":"https:\/\/demo2.cafegransasso.com\/fr\/#\/schema\/logo\/image\/"},"sameAs":["https:\/\/www.facebook.com\/CafeGranSasso\/","https:\/\/www.instagram.com\/cafe_gransasso\/"]}]}},"_links":{"self":[{"href":"https:\/\/demo2.cafegransasso.com\/fr\/wp-json\/wp\/v2\/product\/11479","targetHints":{"allow":["GET"]}}],"collection":[{"href":"https:\/\/demo2.cafegransasso.com\/fr\/wp-json\/wp\/v2\/product"}],"about":[{"href":"https:\/\/demo2.cafegransasso.com\/fr\/wp-json\/wp\/v2\/types\/product"}],"replies":[{"embeddable":true,"href":"https:\/\/demo2.cafegransasso.com\/fr\/wp-json\/wp\/v2\/comments?post=11479"}],"version-history":[{"count":1,"href":"https:\/\/demo2.cafegransasso.com\/fr\/wp-json\/wp\/v2\/product\/11479\/revisions"}],"predecessor-version":[{"id":28404,"href":"https:\/\/demo2.cafegransasso.com\/fr\/wp-json\/wp\/v2\/product\/11479\/revisions\/28404"}],"wp:featuredmedia":[{"embeddable":true,"href":"https:\/\/demo2.cafegransasso.com\/fr\/wp-json\/wp\/v2\/media\/14109"}],"wp:attachment":[{"href":"https:\/\/demo2.cafegransasso.com\/fr\/wp-json\/wp\/v2\/media?parent=11479"}],"wp:term":[{"taxonomy":"product_brand","embeddable":true,"href":"https:\/\/demo2.cafegransasso.com\/fr\/wp-json\/wp\/v2\/product_brand?post=11479"},{"taxonomy":"product_cat","embeddable":true,"href":"https:\/\/demo2.cafegransasso.com\/fr\/wp-json\/wp\/v2\/product_cat?post=11479"},{"taxonomy":"product_tag","embeddable":true,"href":"https:\/\/demo2.cafegransasso.com\/fr\/wp-json\/wp\/v2\/product_tag?post=11479"}],"curies":[{"name":"wp","href":"https:\/\/api.w.org\/{rel}","templated":true}]}}