{"id":5749,"date":"2024-04-17T09:30:31","date_gmt":"2024-04-17T13:30:31","guid":{"rendered":"http:\/\/smartwavethemes.net\/mango_dummy\/?page_id=7"},"modified":"2025-02-03T11:12:38","modified_gmt":"2025-02-03T16:12:38","slug":"about","status":"publish","type":"page","link":"https:\/\/demo2.cafegransasso.com\/fr\/about\/","title":{"rendered":"\u00c0 propos"},"content":{"rendered":"<div data-elementor-type=\"wp-page\" data-elementor-id=\"5749\" class=\"elementor elementor-5749\" data-elementor-post-type=\"page\">\n\t\t\t\t<div class=\"wd-negative-gap elementor-element elementor-element-f5d8dcf e-flex e-con-boxed e-con e-child\" data-id=\"f5d8dcf\" data-element_type=\"container\">\n\t\t\t\t\t<div class=\"e-con-inner\">\n\t\t<div class=\"elementor-element elementor-element-a612945 e-con-full e-flex e-con e-child\" data-id=\"a612945\" data-element_type=\"container\">\n\t\t\t\t<div class=\"elementor-element elementor-element-faa0323 wd-width-100 elementor-widget elementor-widget-wd_title\" data-id=\"faa0323\" data-element_type=\"widget\" data-widget_type=\"wd_title.default\">\n\t\t\t\t<div class=\"elementor-widget-container\">\n\t\t\t\t\t\t\t<div class=\"title-wrapper wd-set-mb reset-last-child wd-title-color-default wd-title-style-default wd-title-size-default text-left\">\n\n\t\t\t\n\t\t\t<div class=\"liner-continer\">\n\t\t\t\t<h2 class=\"woodmart-title-container title wd-fontsize-l\">Passion for Great Coffee<\/h2> \n\t\t\t\t\t\t\t<\/div>\n\n\t\t\t\t\t\t\t<div class=\"title-after_title reset-last-child wd-fontsize-xs\">\n\t\t\t\t\t<p><span>Bienvenue au Caf\u00e9 Gran Sasso, une entreprise familiale de service de caf\u00e9 au bureau qui offre un service et une qualit\u00e9 exceptionnels depuis 2001. Fond\u00e9e \u00e0 l'origine sous le nom de Mondial Service de Pause Caf\u00e9, nous avons chang\u00e9 de nom en 2010 pour devenir Caf\u00e9 Gran Sasso, en hommage \u00e0 l'h\u00e9ritage du propri\u00e9taire et \u00e0 ses liens profonds avec la belle r\u00e9gion de Pescara, en Italie.<\/span><\/p><p><span>Notre histoire repose sur une passion pour le bon caf\u00e9, un service personnalis\u00e9 et les valeurs de la famille et de la tradition. Depuis plus de deux d\u00e9cennies, nous nous consacrons \u00e0 fournir aux entreprises montr\u00e9alaises des solutions de caf\u00e9 de bureau de premi\u00e8re qualit\u00e9, adapt\u00e9es aux besoins uniques de chaque lieu de travail. Dans la grande r\u00e9gion de Montr\u00e9al, nous offrons tout, des machines \u00e0 espresso et des s\u00e9lections de caf\u00e9 s\u00e9lectionn\u00e9es aux exp\u00e9riences de caf\u00e9 \u00e0 service complet. Nous sommes fiers d'offrir l'excellence, la fiabilit\u00e9 et une authentique touche italienne \u00e0 votre bureau.<\/span><\/p>\t\t\t\t<\/div>\n\t\t\t\t\t<\/div>\n\t\t\t\t\t\t<\/div>\n\t\t\t\t<\/div>\n\t\t\t\t<\/div>\n\t\t<div class=\"elementor-element elementor-element-e76e72f e-con-full e-flex e-con e-child\" data-id=\"e76e72f\" data-element_type=\"container\">\n\t\t\t\t<div class=\"elementor-element elementor-element-22b5fda elementor-widget elementor-widget-wd_image_or_svg\" data-id=\"22b5fda\" data-element_type=\"widget\" data-widget_type=\"wd_image_or_svg.default\">\n\t\t\t\t<div class=\"elementor-widget-container\">\n\t\t\t\t\t\n\t\t<div class=\"wd-image text-center\">\n\t\t\t\t\t\t\t\t<img fetchpriority=\"high\" decoding=\"async\" width=\"768\" height=\"384\" src=\"https:\/\/demo2.cafegransasso.com\/wp-content\/uploads\/2025\/01\/pescara-italy.-coffee.-mountain-768x384.jpg\" class=\"attachment-medium_large size-medium_large\" alt=\"\" srcset=\"https:\/\/demo2.cafegransasso.com\/wp-content\/uploads\/2025\/01\/pescara-italy.-coffee.-mountain-768x384.jpg 768w, https:\/\/demo2.cafegransasso.com\/wp-content\/uploads\/2025\/01\/pescara-italy.-coffee.-mountain-400x200.jpg 400w, https:\/\/demo2.cafegransasso.com\/wp-content\/uploads\/2025\/01\/pescara-italy.-coffee.-mountain-1300x650.jpg 1300w, https:\/\/demo2.cafegransasso.com\/wp-content\/uploads\/2025\/01\/pescara-italy.-coffee.-mountain-1536x768.jpg 1536w, https:\/\/demo2.cafegransasso.com\/wp-content\/uploads\/2025\/01\/pescara-italy.-coffee.-mountain-18x9.jpg 18w, https:\/\/demo2.cafegransasso.com\/wp-content\/uploads\/2025\/01\/pescara-italy.-coffee.-mountain-430x215.jpg 430w, https:\/\/demo2.cafegransasso.com\/wp-content\/uploads\/2025\/01\/pescara-italy.-coffee.-mountain-700x350.jpg 700w, https:\/\/demo2.cafegransasso.com\/wp-content\/uploads\/2025\/01\/pescara-italy.-coffee.-mountain-75x38.jpg 75w, https:\/\/demo2.cafegransasso.com\/wp-content\/uploads\/2025\/01\/pescara-italy.-coffee.-mountain.jpg 1600w\" sizes=\"(max-width: 768px) 100vw, 768px\" \/>\t\t\t\t\t<\/div>\n\n\t\t\t\t\t\t<\/div>\n\t\t\t\t<\/div>\n\t\t\t\t<\/div>\n\t\t\t\t\t<\/div>\n\t\t\t\t<\/div>\n\t\t<div class=\"wd-negative-gap elementor-element elementor-element-45c67ab e-flex e-con-boxed e-con e-parent\" data-id=\"45c67ab\" data-element_type=\"container\">\n\t\t\t\t\t<div class=\"e-con-inner\">\n\t\t\t\t<div class=\"elementor-element elementor-element-d67a505 elementor-widget elementor-widget-wd_text_block\" data-id=\"d67a505\" data-element_type=\"widget\" data-widget_type=\"wd_text_block.default\">\n\t\t\t\t<div class=\"elementor-widget-container\">\n\t\t\t\t\t\t\t<div class=\"wd-text-block reset-last-child text-left\">\n\t\t\t\n\t\t\t<p><span data-olk-copy-source=\"MessageBody\">Au Caf\u00e9 Gran Sasso, nous comprenons qu'un bon caf\u00e9 est plus qu'une simple boisson - c'est un moment d'\u00e9nergie, de communication et d'inspiration. Laissez-nous apporter les riches saveurs et la chaleur de l'Italie \u00e0 votre bureau avec chaque tasse, et faites l'exp\u00e9rience de la diff\u00e9rence que repr\u00e9sente le fait de travailler avec une \u00e9quipe qui se soucie vraiment de vous.<\/span><\/p>\n\t\t\t\t\t<\/div>\n\t\t\t\t\t\t<\/div>\n\t\t\t\t<\/div>\n\t\t\t\t\t<\/div>\n\t\t\t\t<\/div>\n\t\t<div class=\"wd-negative-gap elementor-element elementor-element-3c7a5d8 e-flex e-con-boxed e-con e-parent\" data-id=\"3c7a5d8\" data-element_type=\"container\">\n\t\t\t\t\t<div class=\"e-con-inner\">\n\t\t\t\t<div class=\"elementor-element elementor-element-7331458 elementor-widget elementor-widget-spacer\" data-id=\"7331458\" data-element_type=\"widget\" data-widget_type=\"spacer.default\">\n\t\t\t\t<div class=\"elementor-widget-container\">\n\t\t\t\t\t\t\t<div class=\"elementor-spacer\">\n\t\t\t<div class=\"elementor-spacer-inner\"><\/div>\n\t\t<\/div>\n\t\t\t\t\t\t<\/div>\n\t\t\t\t<\/div>\n\t\t\t\t\t<\/div>\n\t\t\t\t<\/div>\n\t\t<div class=\"wd-negative-gap elementor-element elementor-element-c05dc7a e-flex e-con-boxed e-con e-parent\" data-id=\"c05dc7a\" data-element_type=\"container\">\n\t\t\t\t\t<div class=\"e-con-inner\">\n\t\t\t\t<div class=\"elementor-element elementor-element-0f7d8da elementor-widget elementor-widget-heading\" data-id=\"0f7d8da\" data-element_type=\"widget\" data-widget_type=\"heading.default\">\n\t\t\t\t<div class=\"elementor-widget-container\">\n\t\t\t\t\t<h2 class=\"elementor-heading-title elementor-size-default\">D\u00e9couvrez notre gamme exclusive de caf\u00e9s de qualit\u00e9 sup\u00e9rieure, m\u00e9ticuleusement \u00e9labor\u00e9s pour satisfaire les go\u00fbts exigeants de votre client\u00e8le d'affaires.<\/h2>\t\t\t\t<\/div>\n\t\t\t\t<\/div>\n\t\t\t\t\t<\/div>\n\t\t\t\t<\/div>\n\t\t<div class=\"wd-negative-gap elementor-element elementor-element-da1726f e-flex e-con-boxed e-con e-child\" data-id=\"da1726f\" data-element_type=\"container\">\n\t\t\t\t\t<div class=\"e-con-inner\">\n\t\t<div class=\"elementor-element elementor-element-2e7eb4d e-con-full e-flex e-con e-child\" data-id=\"2e7eb4d\" data-element_type=\"container\">\n\t\t\t\t<div class=\"elementor-element elementor-element-73772f0 wd-width-100 elementor-widget elementor-widget-wd_title\" data-id=\"73772f0\" data-element_type=\"widget\" data-widget_type=\"wd_title.default\">\n\t\t\t\t<div class=\"elementor-widget-container\">\n\t\t\t\t\t\t\t<div class=\"title-wrapper wd-set-mb reset-last-child wd-title-color-default wd-title-style-default wd-title-size-default text-left\">\n\n\t\t\t\n\t\t\t<div class=\"liner-continer\">\n\t\t\t\t<h2 class=\"woodmart-title-container title wd-fontsize-l\">Caf\u00e9 Forte e Gentile<\/h2> \n\t\t\t\t\t\t\t<\/div>\n\n\t\t\t\t\t\t\t<div class=\"title-after_title reset-last-child wd-fontsize-xs\">\n\t\t\t\t\t<p>Fond\u00e9 en 2021 par Joe et Mary Anne Scurti, le Caf\u00e9 Forte e Gentile incarne plus de deux d\u00e9cennies d'expertise dans l'industrie du caf\u00e9. Notre processus de torr\u00e9faction en petites s\u00e9ries \u00e0 Montr\u00e9al assure une fra\u00eecheur et une qualit\u00e9 optimales, offrant une exp\u00e9rience riche et satisfaisante dans chaque tasse. Le nom \"Forte e Gentile\", qui signifie \"fort et gentil\", refl\u00e8te les valeurs du village italien d'o\u00f9 la famille de Joe est originaire, r\u00e9sumant ainsi l'essence de notre marque.<\/p>\t\t\t\t<\/div>\n\t\t\t\t\t<\/div>\n\t\t\t\t\t\t<\/div>\n\t\t\t\t<\/div>\n\t\t\t\t<\/div>\n\t\t<div class=\"elementor-element elementor-element-e30a4fe e-con-full e-flex e-con e-child\" data-id=\"e30a4fe\" data-element_type=\"container\">\n\t\t\t\t<div class=\"elementor-element elementor-element-f16d357 elementor-widget elementor-widget-wd_image_or_svg\" data-id=\"f16d357\" data-element_type=\"widget\" data-widget_type=\"wd_image_or_svg.default\">\n\t\t\t\t<div class=\"elementor-widget-container\">\n\t\t\t\t\t\n\t\t<div class=\"wd-image text-center\">\n\t\t\t\t\t\t\t\t<img decoding=\"async\" width=\"768\" height=\"512\" src=\"https:\/\/demo2.cafegransasso.com\/wp-content\/uploads\/2024\/11\/coffee-cup-on-old-kitchen-table-2023-11-27-05-36-06-utc-scaled-e1738180778432-768x512.jpg\" class=\"attachment-medium_large size-medium_large\" alt=\"\" srcset=\"https:\/\/demo2.cafegransasso.com\/wp-content\/uploads\/2024\/11\/coffee-cup-on-old-kitchen-table-2023-11-27-05-36-06-utc-scaled-e1738180778432-768x512.jpg 768w, https:\/\/demo2.cafegransasso.com\/wp-content\/uploads\/2024\/11\/coffee-cup-on-old-kitchen-table-2023-11-27-05-36-06-utc-scaled-e1738180778432-400x267.jpg 400w, https:\/\/demo2.cafegransasso.com\/wp-content\/uploads\/2024\/11\/coffee-cup-on-old-kitchen-table-2023-11-27-05-36-06-utc-scaled-e1738180778432-1200x800.jpg 1200w, https:\/\/demo2.cafegransasso.com\/wp-content\/uploads\/2024\/11\/coffee-cup-on-old-kitchen-table-2023-11-27-05-36-06-utc-scaled-e1738180778432-1536x1024.jpg 1536w, https:\/\/demo2.cafegransasso.com\/wp-content\/uploads\/2024\/11\/coffee-cup-on-old-kitchen-table-2023-11-27-05-36-06-utc-scaled-e1738180778432-2048x1366.jpg 2048w, https:\/\/demo2.cafegransasso.com\/wp-content\/uploads\/2024\/11\/coffee-cup-on-old-kitchen-table-2023-11-27-05-36-06-utc-scaled-e1738180778432-600x400.jpg 600w, https:\/\/demo2.cafegransasso.com\/wp-content\/uploads\/2024\/11\/coffee-cup-on-old-kitchen-table-2023-11-27-05-36-06-utc-scaled-e1738180778432-75x50.jpg 75w, https:\/\/demo2.cafegransasso.com\/wp-content\/uploads\/2024\/11\/coffee-cup-on-old-kitchen-table-2023-11-27-05-36-06-utc-scaled-e1738180778432-750x500.jpg 750w, https:\/\/demo2.cafegransasso.com\/wp-content\/uploads\/2024\/11\/coffee-cup-on-old-kitchen-table-2023-11-27-05-36-06-utc-scaled-e1738180778432-18x12.jpg 18w\" sizes=\"(max-width: 768px) 100vw, 768px\" \/>\t\t\t\t\t<\/div>\n\n\t\t\t\t\t\t<\/div>\n\t\t\t\t<\/div>\n\t\t\t\t<\/div>\n\t\t\t\t\t<\/div>\n\t\t\t\t<\/div>\n\t\t<div class=\"wd-negative-gap elementor-element elementor-element-2acb7d0 e-flex e-con-boxed e-con e-parent\" data-id=\"2acb7d0\" data-element_type=\"container\">\n\t\t\t\t\t<div class=\"e-con-inner\">\n\t\t\t\t<div class=\"elementor-element elementor-element-690fb61 elementor-hidden-desktop elementor-hidden-tablet elementor-hidden-mobile elementor-widget elementor-widget-image\" data-id=\"690fb61\" data-element_type=\"widget\" data-widget_type=\"image.default\">\n\t\t\t\t<div class=\"elementor-widget-container\">\n\t\t\t\t\t\t\t\t\t\t\t\t\t\t\t<img decoding=\"async\" width=\"176\" height=\"176\" src=\"https:\/\/demo2.cafegransasso.com\/wp-content\/uploads\/2024\/12\/forte-e-gentille.jpg\" class=\"attachment-large size-large wp-image-27412\" alt=\"\" srcset=\"https:\/\/demo2.cafegransasso.com\/wp-content\/uploads\/2024\/12\/forte-e-gentille.jpg 176w, https:\/\/demo2.cafegransasso.com\/wp-content\/uploads\/2024\/12\/forte-e-gentille-150x150.jpg 150w, https:\/\/demo2.cafegransasso.com\/wp-content\/uploads\/2024\/12\/forte-e-gentille-75x75.jpg 75w\" sizes=\"(max-width: 176px) 100vw, 176px\" \/>\t\t\t\t\t\t\t\t\t\t\t\t\t\t\t<\/div>\n\t\t\t\t<\/div>\n\t\t\t\t\t<\/div>\n\t\t\t\t<\/div>\n\t\t\t\t<\/div>","protected":false},"excerpt":{"rendered":"<p>Passion for Great Coffee Welcome to Caf\u00e9 Gran Sasso, a family-owned office coffee service company that has been delivering exceptional<\/p>","protected":false},"author":1346,"featured_media":0,"parent":0,"menu_order":2,"comment_status":"closed","ping_status":"closed","template":"","meta":{"footnotes":""},"class_list":["post-5749","page","type-page","status-publish","hentry"],"yoast_head":"<!-- This site is optimized with the Yoast SEO plugin v24.4 - https:\/\/yoast.com\/wordpress\/plugins\/seo\/ -->\n<title>About Us - Cafe Gran Sasso<\/title>\n<meta name=\"robots\" content=\"noindex, follow, max-snippet:-1, max-image-preview:large, max-video-preview:-1\" \/>\n<meta property=\"og:locale\" content=\"fr_FR\" \/>\n<meta property=\"og:type\" content=\"article\" \/>\n<meta property=\"og:title\" content=\"About Us - Cafe Gran Sasso\" \/>\n<meta property=\"og:description\" content=\"Passion for Great Coffee Welcome to Caf\u00e9 Gran Sasso, a family-owned office coffee service company that has been delivering exceptional\" \/>\n<meta property=\"og:url\" content=\"https:\/\/demo2.cafegransasso.com\/fr\/about\/\" \/>\n<meta property=\"og:site_name\" content=\"Cafe Gran Sasso\" \/>\n<meta property=\"article:publisher\" content=\"https:\/\/www.facebook.com\/CafeGranSasso\/\" \/>\n<meta property=\"article:modified_time\" content=\"2025-02-03T16:12:38+00:00\" \/>\n<meta property=\"og:image\" content=\"https:\/\/demo2.cafegransasso.com\/wp-content\/uploads\/2025\/01\/pescara-italy.-coffee.-mountain-768x384.jpg\" \/>\n<meta name=\"twitter:card\" content=\"summary_large_image\" \/>\n<meta name=\"twitter:label1\" content=\"Est. reading time\" \/>\n\t<meta name=\"twitter:data1\" content=\"2 minutes\" \/>\n<script type=\"application\/ld+json\" class=\"yoast-schema-graph\">{\"@context\":\"https:\/\/schema.org\",\"@graph\":[{\"@type\":\"WebPage\",\"@id\":\"https:\/\/demo2.cafegransasso.com\/fr\/about\/\",\"url\":\"https:\/\/demo2.cafegransasso.com\/fr\/about\/\",\"name\":\"About Us - Cafe Gran Sasso\",\"isPartOf\":{\"@id\":\"https:\/\/demo2.cafegransasso.com\/fr\/#website\"},\"primaryImageOfPage\":{\"@id\":\"https:\/\/demo2.cafegransasso.com\/fr\/about\/#primaryimage\"},\"image\":{\"@id\":\"https:\/\/demo2.cafegransasso.com\/fr\/about\/#primaryimage\"},\"thumbnailUrl\":\"https:\/\/demo2.cafegransasso.com\/wp-content\/uploads\/2025\/01\/pescara-italy.-coffee.-mountain-768x384.jpg\",\"datePublished\":\"2024-04-17T13:30:31+00:00\",\"dateModified\":\"2025-02-03T16:12:38+00:00\",\"breadcrumb\":{\"@id\":\"https:\/\/demo2.cafegransasso.com\/fr\/about\/#breadcrumb\"},\"inLanguage\":\"fr-ca\",\"potentialAction\":[{\"@type\":\"ReadAction\",\"target\":[\"https:\/\/demo2.cafegransasso.com\/fr\/about\/\"]}]},{\"@type\":\"ImageObject\",\"inLanguage\":\"fr-ca\",\"@id\":\"https:\/\/demo2.cafegransasso.com\/fr\/about\/#primaryimage\",\"url\":\"https:\/\/demo2.cafegransasso.com\/wp-content\/uploads\/2025\/01\/pescara-italy.-coffee.-mountain-768x384.jpg\",\"contentUrl\":\"https:\/\/demo2.cafegransasso.com\/wp-content\/uploads\/2025\/01\/pescara-italy.-coffee.-mountain-768x384.jpg\"},{\"@type\":\"BreadcrumbList\",\"@id\":\"https:\/\/demo2.cafegransasso.com\/fr\/about\/#breadcrumb\",\"itemListElement\":[{\"@type\":\"ListItem\",\"position\":1,\"name\":\"Home\",\"item\":\"https:\/\/demo2.cafegransasso.com\/fr\/\"},{\"@type\":\"ListItem\",\"position\":2,\"name\":\"About Us\"}]},{\"@type\":\"WebSite\",\"@id\":\"https:\/\/demo2.cafegransasso.com\/fr\/#website\",\"url\":\"https:\/\/demo2.cafegransasso.com\/fr\/\",\"name\":\"Cafe Gran Sasso\",\"description\":\"From Bean to Brew: Coffee Solutions for Businesses.\",\"publisher\":{\"@id\":\"https:\/\/demo2.cafegransasso.com\/fr\/#organization\"},\"potentialAction\":[{\"@type\":\"SearchAction\",\"target\":{\"@type\":\"EntryPoint\",\"urlTemplate\":\"https:\/\/demo2.cafegransasso.com\/fr\/?s={search_term_string}\"},\"query-input\":{\"@type\":\"PropertyValueSpecification\",\"valueRequired\":true,\"valueName\":\"search_term_string\"}}],\"inLanguage\":\"fr-ca\"},{\"@type\":\"Organization\",\"@id\":\"https:\/\/demo2.cafegransasso.com\/fr\/#organization\",\"name\":\"Cafe Gran Sasso\",\"url\":\"https:\/\/demo2.cafegransasso.com\/fr\/\",\"logo\":{\"@type\":\"ImageObject\",\"inLanguage\":\"fr-ca\",\"@id\":\"https:\/\/demo2.cafegransasso.com\/fr\/#\/schema\/logo\/image\/\",\"url\":\"https:\/\/demo2.cafegransasso.com\/wp-content\/uploads\/2024\/09\/GS-logo-Red-1-removebg-preview.png\",\"contentUrl\":\"https:\/\/demo2.cafegransasso.com\/wp-content\/uploads\/2024\/09\/GS-logo-Red-1-removebg-preview.png\",\"width\":360,\"height\":149,\"caption\":\"Cafe Gran Sasso\"},\"image\":{\"@id\":\"https:\/\/demo2.cafegransasso.com\/fr\/#\/schema\/logo\/image\/\"},\"sameAs\":[\"https:\/\/www.facebook.com\/CafeGranSasso\/\",\"https:\/\/www.instagram.com\/cafe_gransasso\/\"]}]}<\/script>\n<!-- \/ Yoast SEO plugin. -->","yoast_head_json":{"title":"About Us - Cafe Gran Sasso","robots":{"index":"noindex","follow":"follow","max-snippet":"max-snippet:-1","max-image-preview":"max-image-preview:large","max-video-preview":"max-video-preview:-1"},"og_locale":"fr_FR","og_type":"article","og_title":"About Us - Cafe Gran Sasso","og_description":"Passion for Great Coffee Welcome to Caf\u00e9 Gran Sasso, a family-owned office coffee service company that has been delivering exceptional","og_url":"https:\/\/demo2.cafegransasso.com\/fr\/about\/","og_site_name":"Cafe Gran Sasso","article_publisher":"https:\/\/www.facebook.com\/CafeGranSasso\/","article_modified_time":"2025-02-03T16:12:38+00:00","og_image":[{"url":"https:\/\/demo2.cafegransasso.com\/wp-content\/uploads\/2025\/01\/pescara-italy.-coffee.-mountain-768x384.jpg","type":"","width":"","height":""}],"twitter_card":"summary_large_image","twitter_misc":{"Est. reading time":"2 minutes"},"schema":{"@context":"https:\/\/schema.org","@graph":[{"@type":"WebPage","@id":"https:\/\/demo2.cafegransasso.com\/fr\/about\/","url":"https:\/\/demo2.cafegransasso.com\/fr\/about\/","name":"About Us - Cafe Gran Sasso","isPartOf":{"@id":"https:\/\/demo2.cafegransasso.com\/fr\/#website"},"primaryImageOfPage":{"@id":"https:\/\/demo2.cafegransasso.com\/fr\/about\/#primaryimage"},"image":{"@id":"https:\/\/demo2.cafegransasso.com\/fr\/about\/#primaryimage"},"thumbnailUrl":"https:\/\/demo2.cafegransasso.com\/wp-content\/uploads\/2025\/01\/pescara-italy.-coffee.-mountain-768x384.jpg","datePublished":"2024-04-17T13:30:31+00:00","dateModified":"2025-02-03T16:12:38+00:00","breadcrumb":{"@id":"https:\/\/demo2.cafegransasso.com\/fr\/about\/#breadcrumb"},"inLanguage":"fr-ca","potentialAction":[{"@type":"ReadAction","target":["https:\/\/demo2.cafegransasso.com\/fr\/about\/"]}]},{"@type":"ImageObject","inLanguage":"fr-ca","@id":"https:\/\/demo2.cafegransasso.com\/fr\/about\/#primaryimage","url":"https:\/\/demo2.cafegransasso.com\/wp-content\/uploads\/2025\/01\/pescara-italy.-coffee.-mountain-768x384.jpg","contentUrl":"https:\/\/demo2.cafegransasso.com\/wp-content\/uploads\/2025\/01\/pescara-italy.-coffee.-mountain-768x384.jpg"},{"@type":"BreadcrumbList","@id":"https:\/\/demo2.cafegransasso.com\/fr\/about\/#breadcrumb","itemListElement":[{"@type":"ListItem","position":1,"name":"Home","item":"https:\/\/demo2.cafegransasso.com\/fr\/"},{"@type":"ListItem","position":2,"name":"About Us"}]},{"@type":"WebSite","@id":"https:\/\/demo2.cafegransasso.com\/fr\/#website","url":"https:\/\/demo2.cafegransasso.com\/fr\/","name":"Cafe Gran Sasso","description":"From Bean to Brew: Coffee Solutions for Businesses.","publisher":{"@id":"https:\/\/demo2.cafegransasso.com\/fr\/#organization"},"potentialAction":[{"@type":"SearchAction","target":{"@type":"EntryPoint","urlTemplate":"https:\/\/demo2.cafegransasso.com\/fr\/?s={search_term_string}"},"query-input":{"@type":"PropertyValueSpecification","valueRequired":true,"valueName":"search_term_string"}}],"inLanguage":"fr-ca"},{"@type":"Organization","@id":"https:\/\/demo2.cafegransasso.com\/fr\/#organization","name":"Cafe Gran Sasso","url":"https:\/\/demo2.cafegransasso.com\/fr\/","logo":{"@type":"ImageObject","inLanguage":"fr-ca","@id":"https:\/\/demo2.cafegransasso.com\/fr\/#\/schema\/logo\/image\/","url":"https:\/\/demo2.cafegransasso.com\/wp-content\/uploads\/2024\/09\/GS-logo-Red-1-removebg-preview.png","contentUrl":"https:\/\/demo2.cafegransasso.com\/wp-content\/uploads\/2024\/09\/GS-logo-Red-1-removebg-preview.png","width":360,"height":149,"caption":"Cafe Gran Sasso"},"image":{"@id":"https:\/\/demo2.cafegransasso.com\/fr\/#\/schema\/logo\/image\/"},"sameAs":["https:\/\/www.facebook.com\/CafeGranSasso\/","https:\/\/www.instagram.com\/cafe_gransasso\/"]}]}},"_links":{"self":[{"href":"https:\/\/demo2.cafegransasso.com\/fr\/wp-json\/wp\/v2\/pages\/5749","targetHints":{"allow":["GET"]}}],"collection":[{"href":"https:\/\/demo2.cafegransasso.com\/fr\/wp-json\/wp\/v2\/pages"}],"about":[{"href":"https:\/\/demo2.cafegransasso.com\/fr\/wp-json\/wp\/v2\/types\/page"}],"author":[{"embeddable":true,"href":"https:\/\/demo2.cafegransasso.com\/fr\/wp-json\/wp\/v2\/users\/1346"}],"replies":[{"embeddable":true,"href":"https:\/\/demo2.cafegransasso.com\/fr\/wp-json\/wp\/v2\/comments?post=5749"}],"version-history":[{"count":70,"href":"https:\/\/demo2.cafegransasso.com\/fr\/wp-json\/wp\/v2\/pages\/5749\/revisions"}],"predecessor-version":[{"id":29960,"href":"https:\/\/demo2.cafegransasso.com\/fr\/wp-json\/wp\/v2\/pages\/5749\/revisions\/29960"}],"wp:attachment":[{"href":"https:\/\/demo2.cafegransasso.com\/fr\/wp-json\/wp\/v2\/media?parent=5749"}],"curies":[{"name":"wp","href":"https:\/\/api.w.org\/{rel}","templated":true}]}}