{"id":16090,"date":"2024-09-16T10:13:43","date_gmt":"2024-09-16T14:13:43","guid":{"rendered":"https:\/\/demo.cafegransasso.com\/?page_id=16090"},"modified":"2024-12-13T19:23:58","modified_gmt":"2024-12-14T00:23:58","slug":"get-a-quote","status":"publish","type":"page","link":"https:\/\/demo2.cafegransasso.com\/fr\/get-a-quote\/","title":{"rendered":"OBTENIR UN DEVIS"},"content":{"rendered":"<div data-elementor-type=\"wp-page\" data-elementor-id=\"16090\" class=\"elementor elementor-16090\" data-elementor-post-type=\"page\">\n\t\t\t\t<div class=\"wd-negative-gap elementor-element elementor-element-0a99555 wd-section-stretch e-flex e-con-boxed e-con e-parent\" data-id=\"0a99555\" data-element_type=\"container\" data-settings=\"{&quot;background_background&quot;:&quot;classic&quot;}\">\n\t\t\t\t\t<div class=\"e-con-inner\">\n\t\t<div class=\"elementor-element elementor-element-32869e8 e-con-full e-flex e-con e-child\" data-id=\"32869e8\" data-element_type=\"container\">\n\t\t<div class=\"elementor-element elementor-element-d8417ba e-con-full e-flex e-con e-child\" data-id=\"d8417ba\" data-element_type=\"container\">\n\t\t<div class=\"elementor-element elementor-element-edb79b9 e-con-full e-flex e-con e-child\" data-id=\"edb79b9\" data-element_type=\"container\">\n\t\t<div class=\"elementor-element elementor-element-8c47493 e-con-full e-flex e-con e-child\" data-id=\"8c47493\" data-element_type=\"container\">\n\t\t<div class=\"elementor-element elementor-element-b0e0368 e-con-full e-flex e-con e-child\" data-id=\"b0e0368\" data-element_type=\"container\" data-settings=\"{&quot;background_background&quot;:&quot;gradient&quot;}\">\n\t\t<div class=\"elementor-element elementor-element-7bbd811 e-con-full e-flex e-con e-child\" data-id=\"7bbd811\" data-element_type=\"container\">\n\t\t<div class=\"elementor-element elementor-element-d40d377 e-con-full e-flex e-con e-child\" data-id=\"d40d377\" data-element_type=\"container\">\n\t\t\t\t<div class=\"elementor-element elementor-element-cea46a7 wd-width-100 elementor-widget elementor-widget-wd_title\" data-id=\"cea46a7\" data-element_type=\"widget\" data-widget_type=\"wd_title.default\">\n\t\t\t\t<div class=\"elementor-widget-container\">\n\t\t\t\t\t\t\t<div class=\"title-wrapper wd-set-mb reset-last-child wd-title-color-default wd-title-style-default wd-title-size-small text-left\">\n\n\t\t\t\n\t\t\t<div class=\"liner-continer\">\n\t\t\t\t<h4 class=\"woodmart-title-container title wd-fontsize-m\">Obtenir un devis<\/h4> \n\t\t\t\t\t\t\t<\/div>\n\n\t\t\t\t\t<\/div>\n\t\t\t\t\t\t<\/div>\n\t\t\t\t<\/div>\n\t\t\t\t<div class=\"elementor-element elementor-element-23fa3e9 elementor-widget elementor-widget-wd_contact_form_7\" data-id=\"23fa3e9\" data-element_type=\"widget\" data-widget_type=\"wd_contact_form_7.default\">\n\t\t\t\t<div class=\"elementor-widget-container\">\n\t\t\t\t\t\n<div class=\"wpcf7 no-js\" id=\"wpcf7-f26153-o1\" lang=\"en-US\" dir=\"ltr\" data-wpcf7-id=\"26153\">\n<div class=\"screen-reader-response\"><p role=\"status\" aria-live=\"polite\" aria-atomic=\"true\"><\/p> <ul><\/ul><\/div>\n<form action=\"\/fr\/wp-json\/wp\/v2\/pages\/16090#wpcf7-f26153-o1\" method=\"post\" class=\"wpcf7-form init\" aria-label=\"Contact form\" novalidate=\"novalidate\" data-status=\"init\" data-trp-original-action=\"\/fr\/wp-json\/wp\/v2\/pages\/16090#wpcf7-f26153-o1\">\n<div style=\"display: none;\">\n<input type=\"hidden\" name=\"_wpcf7\" value=\"26153\" \/>\n<input type=\"hidden\" name=\"_wpcf7_version\" value=\"6.0.3\" \/>\n<input type=\"hidden\" name=\"_wpcf7_locale\" value=\"en_US\" \/>\n<input type=\"hidden\" name=\"_wpcf7_unit_tag\" value=\"wpcf7-f26153-o1\" \/>\n<input type=\"hidden\" name=\"_wpcf7_container_post\" value=\"0\" \/>\n<input type=\"hidden\" name=\"_wpcf7_posted_data_hash\" value=\"\" \/>\n<input type=\"hidden\" name=\"_wpcf7_recaptcha_response\" value=\"\" \/>\n<\/div>\n<div class=\"row\">\n\t<p class=\"col-md-6\"><label>Nom complet<\/label><span class=\"wpcf7-form-control-wrap\" data-name=\"your-name\"><input size=\"40\" maxlength=\"400\" class=\"wpcf7-form-control wpcf7-text wpcf7-validates-as-required\" aria-required=\"true\" aria-invalid=\"false\" value=\"\" type=\"text\" name=\"your-name\" \/><\/span>\n\t<\/p>\n\t<p class=\"col-md-6\"><label>Adresse \u00e9lectronique<\/label><span class=\"wpcf7-form-control-wrap\" data-name=\"your-email\"><input size=\"40\" maxlength=\"400\" class=\"wpcf7-form-control wpcf7-email wpcf7-validates-as-required wpcf7-text wpcf7-validates-as-email\" aria-required=\"true\" aria-invalid=\"false\" value=\"\" type=\"email\" name=\"your-email\" \/><\/span>\n\t<\/p>\n<\/div>\n<div class=\"row\">\n\t<p class=\"col-md-6\"><label>Num\u00e9ro de t\u00e9l\u00e9phone<\/label><span class=\"wpcf7-form-control-wrap\" data-name=\"tel-767\"><input size=\"40\" maxlength=\"400\" class=\"wpcf7-form-control wpcf7-tel wpcf7-text wpcf7-validates-as-tel\" aria-invalid=\"false\" value=\"\" type=\"tel\" name=\"tel-767\" \/><\/span>\n\t<\/p>\n\t<p class=\"col-md-6\"><label>Nom de l'entreprise<\/label><span class=\"wpcf7-form-control-wrap\" data-name=\"text-1\"><input size=\"40\" maxlength=\"400\" class=\"wpcf7-form-control wpcf7-text\" aria-invalid=\"false\" value=\"\" type=\"text\" name=\"text-1\" \/><\/span>\n\t<\/p>\n\t<p class=\"col-md-6\"><label># Nombre d'employ\u00e9s<\/label><span class=\"wpcf7-form-control-wrap\" data-name=\"company-size\"><select class=\"wpcf7-form-control wpcf7-select wpcf7-validates-as-required\" aria-required=\"true\" aria-invalid=\"false\" name=\"company-size\"><option value=\"1-10\">1-10<\/option><option value=\"11-50\">11-50<\/option><option value=\"51-200\">51-200<\/option><option value=\"201+\">201+<\/option><\/select><\/span>\n\t<\/p>\n<\/div>\n<div class=\"row\">\n\t<p class=\"col-md-6\"><label>Type de solution caf\u00e9<\/label><span class=\"wpcf7-form-control-wrap\" data-name=\"coffee-solution\"><select class=\"wpcf7-form-control wpcf7-select wpcf7-validates-as-required\" aria-required=\"true\" aria-invalid=\"false\" name=\"coffee-solution\"><option value=\"Select coffee solution\">Choisir une solution de caf\u00e9<\/option><option value=\"Office Coffee Service\">Service de caf\u00e9 pour le bureau<\/option><option value=\"Machine Purchase\/Rental\">Achat\/location de machines<\/option><option value=\"Order Coffee Order\">Commande de caf\u00e9<\/option><option value=\"Repair\/Maintenance\">R\u00e9paration\/Entretien<\/option><\/select><\/span>\n\t<\/p>\n<\/div>\n<p><label>M\u00e9thode de contact pr\u00e9f\u00e9r\u00e9e<\/label><br \/>\n<span class=\"wpcf7-form-control-wrap\" data-name=\"PreferredContactMethod\"><span class=\"wpcf7-form-control wpcf7-radio\"><span class=\"wpcf7-list-item first\"><label><input type=\"radio\" name=\"PreferredContactMethod\" value=\"Phone\" checked=\"checked\" \/><span class=\"wpcf7-list-item-label\">T\u00e9l\u00e9phone<\/span><\/label><\/span><span class=\"wpcf7-list-item last\"><label><input type=\"radio\" name=\"PreferredContactMethod\" value=\"Email\" \/><span class=\"wpcf7-list-item-label\">Courriel<\/span><\/label><\/span><\/span><\/span>\n<\/p>\n<p><label>Votre message<\/label><span class=\"wpcf7-form-control-wrap\" data-name=\"your-message\"><textarea cols=\"40\" rows=\"10\" maxlength=\"2000\" class=\"wpcf7-form-control wpcf7-textarea\" aria-invalid=\"false\" name=\"your-message\"><\/textarea><\/span>\n<\/p>\n<p><input class=\"wpcf7-form-control wpcf7-submit has-spinner btn-color-black\" type=\"submit\" value=\"OBTENIR UN DEVIS\" \/>\n<\/p><div class=\"wpcf7-response-output\" aria-hidden=\"true\"><\/div>\n<input type=\"hidden\" name=\"trp-form-language\" value=\"fr\"\/><\/form>\n<\/div>\n\t\t\t\t<\/div>\n\t\t\t\t<\/div>\n\t\t\t\t<\/div>\n\t\t<div class=\"elementor-element elementor-element-8c7af81 color-scheme-light e-con-full e-flex e-con e-child\" data-id=\"8c7af81\" data-element_type=\"container\" data-settings=\"{&quot;background_background&quot;:&quot;classic&quot;}\">\n\t\t\t\t<div class=\"elementor-element elementor-element-b25023a wd-width-100 elementor-widget elementor-widget-wd_title\" data-id=\"b25023a\" data-element_type=\"widget\" data-widget_type=\"wd_title.default\">\n\t\t\t\t<div class=\"elementor-widget-container\">\n\t\t\t\t\t\t\t<div class=\"title-wrapper wd-set-mb reset-last-child wd-title-color-white wd-title-style-default wd-title-size-small text-left\">\n\n\t\t\t\n\t\t\t<div class=\"liner-continer\">\n\t\t\t\t<h4 class=\"woodmart-title-container title wd-fontsize-m\">INFORMATIONS DE CONTACT<\/h4> \n\t\t\t\t\t\t\t<\/div>\n\n\t\t\t\t\t<\/div>\n\t\t\t\t\t\t<\/div>\n\t\t\t\t<\/div>\n\t\t\t\t<div class=\"elementor-element elementor-element-72205c8 elementor-widget elementor-widget-wd_infobox\" data-id=\"72205c8\" data-element_type=\"widget\" data-widget_type=\"wd_infobox.default\">\n\t\t\t\t<div class=\"elementor-widget-container\">\n\t\t\t\t\t\t\t<div class=\"info-box-wrapper\">\n\t\t\t<div class=\"wd-info-box text-left box-icon-align-left box-style-base color-scheme- wd-items-top\">\n\t\t\t\t\t\t\t\t\t<div class=\"box-icon-wrapper  box-with-icon box-icon-simple\">\n\t\t\t\t\t\t<div class=\"info-box-icon\">\n\t\t\t\t\t\t\t\t\t\t\t\t\t\t\t<div class=\"info-svg-wrapper\" style=\"width:30px; height:30px;\"><img loading=\"lazy\"  width=\"30\" height=\"30\"><\/div>\t\t\t\t\t\t\t\t\t\t\t\t\t<\/div>\n\t\t\t\t\t<\/div>\n\t\t\t\t\n\t\t\t\t<div class=\"info-box-content\">\n\t\t\t\t\t\n\t\t\t\t\t\t\t\t\t\t\t<h4\t\t\t\t\t\tclass=\"info-box-title title box-title-style-default wd-fontsize-m\" data-elementor-setting-key=\"title\">\n\t\t\t\t\t\t\t\tNOTRE ADRESSE\t\t\t\t\t\t<\/h4>\n\t\t\t\t\t\n\t\t\t\t\t<div class=\"info-box-inner reset-last-child\"data-elementor-setting-key=\"content\"><h4>4830 Boul. Cote Vertu Ouest, <br \/>Dorval, QC <br \/>H9P 1A2<\/h4>\n<\/div>\n\n\t\t\t\t\t\t\t\t\t<\/div>\n\n\t\t\t\t\t\t\t\t\t<a href=\"#\" class=\"wd-info-box-link wd-fill\" aria-label=\"Infobox link\"><\/a>\n\t\t\t\t\t\t\t<\/div>\n\t\t<\/div>\n\t\t\t\t\t\t<\/div>\n\t\t\t\t<\/div>\n\t\t\t\t<div class=\"elementor-element elementor-element-cec84b1 elementor-widget elementor-widget-wd_infobox\" data-id=\"cec84b1\" data-element_type=\"widget\" data-widget_type=\"wd_infobox.default\">\n\t\t\t\t<div class=\"elementor-widget-container\">\n\t\t\t\t\t\t\t<div class=\"info-box-wrapper\">\n\t\t\t<div class=\"wd-info-box text-left box-icon-align-left box-style-base color-scheme- wd-items-top\">\n\t\t\t\t\t\t\t\t\t<div class=\"box-icon-wrapper  box-with-icon box-icon-simple\">\n\t\t\t\t\t\t<div class=\"info-box-icon\">\n\t\t\t\t\t\t\t\t\t\t\t\t\t\t\t<div class=\"info-svg-wrapper\" style=\"width:30px; height:30px;\"><img loading=\"lazy\"  width=\"30\" height=\"30\"><\/div>\t\t\t\t\t\t\t\t\t\t\t\t\t<\/div>\n\t\t\t\t\t<\/div>\n\t\t\t\t\n\t\t\t\t<div class=\"info-box-content\">\n\t\t\t\t\t\n\t\t\t\t\t\n\t\t\t\t\t<div class=\"info-box-inner reset-last-child\"data-elementor-setting-key=\"content\"><p><strong>Tel:<\/strong> 514-931-3005<br \/><strong>Fax:<\/strong> 514-931-4078<\/p>\n<\/div>\n\n\t\t\t\t\t\t\t\t\t<\/div>\n\n\t\t\t\t\t\t\t\t\t<a href=\"#\" class=\"wd-info-box-link wd-fill\" aria-label=\"Infobox link\"><\/a>\n\t\t\t\t\t\t\t<\/div>\n\t\t<\/div>\n\t\t\t\t\t\t<\/div>\n\t\t\t\t<\/div>\n\t\t\t\t<div class=\"elementor-element elementor-element-99abe2d elementor-widget elementor-widget-wd_infobox\" data-id=\"99abe2d\" data-element_type=\"widget\" data-widget_type=\"wd_infobox.default\">\n\t\t\t\t<div class=\"elementor-widget-container\">\n\t\t\t\t\t\t\t<div class=\"info-box-wrapper\">\n\t\t\t<div class=\"wd-info-box text-left box-icon-align-left box-style-base color-scheme- wd-items-top\">\n\t\t\t\t\t\t\t\t\t<div class=\"box-icon-wrapper  box-with-icon box-icon-simple\">\n\t\t\t\t\t\t<div class=\"info-box-icon\">\n\t\t\t\t\t\t\t\t\t\t\t\t\t\t\t<div class=\"info-svg-wrapper\" style=\"width:30px; height:30px;\"><img loading=\"lazy\"  width=\"30\" height=\"30\"><\/div>\t\t\t\t\t\t\t\t\t\t\t\t\t<\/div>\n\t\t\t\t\t<\/div>\n\t\t\t\t\n\t\t\t\t<div class=\"info-box-content\">\n\t\t\t\t\t\n\t\t\t\t\t\n\t\t\t\t\t<div class=\"info-box-inner reset-last-child\"data-elementor-setting-key=\"content\"><p><a href=\"mailto:info@cafegransasso.com\">\u00a0mailto:info@cafegransasso.com<\/a><\/p>\n<\/div>\n\n\t\t\t\t\t\t\t\t\t<\/div>\n\n\t\t\t\t\t\t\t\t\t<a href=\"#\" class=\"wd-info-box-link wd-fill\" aria-label=\"Infobox link\"><\/a>\n\t\t\t\t\t\t\t<\/div>\n\t\t<\/div>\n\t\t\t\t\t\t<\/div>\n\t\t\t\t<\/div>\n\t\t\t\t<div class=\"elementor-element elementor-element-34cd138 color-scheme-light text-left elementor-widget elementor-widget-text-editor\" data-id=\"34cd138\" data-element_type=\"widget\" data-widget_type=\"text-editor.default\">\n\t\t\t\t<div class=\"elementor-widget-container\">\n\t\t\t\t\t\t\t\t\t<p>Vous souhaitez en savoir plus sur nos solutions de caf\u00e9 pour votre bureau ? Envoyez-nous un message et nous vous contacterons rapidement pour vous aider.<\/p>\t\t\t\t\t\t\t\t<\/div>\n\t\t\t\t<\/div>\n\t\t\t\t<div class=\"elementor-element elementor-element-2df1799 elementor-widget elementor-widget-wd_social_buttons\" data-id=\"2df1799\" data-element_type=\"widget\" data-widget_type=\"wd_social_buttons.default\">\n\t\t\t\t<div class=\"elementor-widget-container\">\n\t\t\t\t\t\t\t\t<div id=\"\" class=\"wd-social-icons wd-style-colored wd-size-small social-share wd-shape-circle color-scheme-dark text-left\">\n\t\t\t\t\n\t\t\t\t\n\t\t\t\t\t\t\t\t\t<a rel=\"noopener noreferrer nofollow\" href=\"https:\/\/www.facebook.com\/sharer\/sharer.php?u=https:\/\/demo2.cafegransasso.com\/fr\/get-a-quote\/\" target=\"_blank\" class=\"wd-social-icon social-facebook\" aria-label=\"Facebook social link\">\n\t\t\t\t\t\t<span class=\"wd-icon\"><\/span>\n\t\t\t\t\t\t\t\t\t\t\t<\/a>\n\t\t\t\t\n\t\t\t\t\t\t\t\t\t<a rel=\"noopener noreferrer nofollow\" href=\"https:\/\/x.com\/share?url=https:\/\/demo2.cafegransasso.com\/fr\/get-a-quote\/\" target=\"_blank\" class=\"wd-social-icon social-twitter\" aria-label=\"X social link\">\n\t\t\t\t\t\t<span class=\"wd-icon\"><\/span>\n\t\t\t\t\t\t\t\t\t\t\t<\/a>\n\t\t\t\t\n\t\t\t\t\n\t\t\t\t\n\t\t\t\t\n\t\t\t\t\t\t\t\t\t<a rel=\"noopener noreferrer nofollow\" href=\"https:\/\/pinterest.com\/pin\/create\/button\/?url=https:\/\/demo2.cafegransasso.com\/fr\/get-a-quote\/&media=https:\/\/demo2.cafegransasso.com\/wp-includes\/images\/media\/default.svg&description=Get+a+Quote\" target=\"_blank\" class=\"wd-social-icon social-pinterest\" aria-label=\"Pinterest social link\">\n\t\t\t\t\t\t<span class=\"wd-icon\"><\/span>\n\t\t\t\t\t\t\t\t\t\t\t<\/a>\n\t\t\t\t\n\t\t\t\t\n\t\t\t\t\t\t\t\t\t<a rel=\"noopener noreferrer nofollow\" href=\"https:\/\/www.linkedin.com\/shareArticle?mini=true&url=https:\/\/demo2.cafegransasso.com\/fr\/get-a-quote\/\" target=\"_blank\" class=\"wd-social-icon social-linkedin\" aria-label=\"Linkedin social link\">\n\t\t\t\t\t\t<span class=\"wd-icon\"><\/span>\n\t\t\t\t\t\t\t\t\t\t\t<\/a>\n\t\t\t\t\n\t\t\t\t\n\t\t\t\t\n\t\t\t\t\n\t\t\t\t\n\t\t\t\t\n\t\t\t\t\n\t\t\t\t\n\t\t\t\t\n\t\t\t\t\n\t\t\t\t\n\t\t\t\t\n\t\t\t\t\n\t\t\t\t\n\t\t\t\t\n\t\t\t\t\n\t\t\t\t\n\t\t\t\t\n\t\t\t<\/div>\n\n\t\t\t\t\t\t<\/div>\n\t\t\t\t<\/div>\n\t\t\t\t<\/div>\n\t\t\t\t<\/div>\n\t\t\t\t<\/div>\n\t\t\t\t<\/div>\n\t\t\t\t<\/div>\n\t\t\t\t<\/div>\n\t\t\t\t<\/div>\n\t\t\t\t\t<\/div>\n\t\t\t\t<\/div>\n\t\t\t\t<\/div>","protected":false},"excerpt":{"rendered":"<p>Get A Quote Full Name Email Address Phone Number Company Name # of employees1-1011-5051-200201+ Type of Coffee SolutionSelect coffee solutionOffice<\/p>","protected":false},"author":1346,"featured_media":0,"parent":0,"menu_order":0,"comment_status":"closed","ping_status":"closed","template":"","meta":{"footnotes":""},"class_list":["post-16090","page","type-page","status-publish","hentry"],"yoast_head":"<!-- This site is optimized with the Yoast SEO plugin v24.4 - https:\/\/yoast.com\/wordpress\/plugins\/seo\/ -->\n<title>Get a Quote - Cafe Gran Sasso<\/title>\n<meta name=\"robots\" content=\"noindex, follow, max-snippet:-1, max-image-preview:large, max-video-preview:-1\" \/>\n<meta property=\"og:locale\" content=\"fr_FR\" \/>\n<meta property=\"og:type\" content=\"article\" \/>\n<meta property=\"og:title\" content=\"Get a Quote - Cafe Gran Sasso\" \/>\n<meta property=\"og:description\" content=\"Get A Quote Full Name Email Address Phone Number Company Name # of employees1-1011-5051-200201+ Type of Coffee SolutionSelect coffee solutionOffice\" \/>\n<meta property=\"og:url\" content=\"https:\/\/demo2.cafegransasso.com\/fr\/get-a-quote\/\" \/>\n<meta property=\"og:site_name\" content=\"Cafe Gran Sasso\" \/>\n<meta property=\"article:publisher\" content=\"https:\/\/www.facebook.com\/CafeGranSasso\/\" \/>\n<meta property=\"article:modified_time\" content=\"2024-12-14T00:23:58+00:00\" \/>\n<meta property=\"og:image\" content=\"https:\/\/demo2.cafegransasso.com\/wp-content\/uploads\/2021\/09\/wd-pointer.svg\" \/>\n<meta name=\"twitter:card\" content=\"summary_large_image\" \/>\n<script type=\"application\/ld+json\" class=\"yoast-schema-graph\">{\"@context\":\"https:\/\/schema.org\",\"@graph\":[{\"@type\":\"WebPage\",\"@id\":\"https:\/\/demo2.cafegransasso.com\/get-a-quote\/\",\"url\":\"https:\/\/demo2.cafegransasso.com\/get-a-quote\/\",\"name\":\"Get a Quote - Cafe Gran Sasso\",\"isPartOf\":{\"@id\":\"https:\/\/demo2.cafegransasso.com\/fr\/#website\"},\"primaryImageOfPage\":{\"@id\":\"https:\/\/demo2.cafegransasso.com\/get-a-quote\/#primaryimage\"},\"image\":{\"@id\":\"https:\/\/demo2.cafegransasso.com\/get-a-quote\/#primaryimage\"},\"thumbnailUrl\":\"https:\/\/demo2.cafegransasso.com\/wp-content\/uploads\/2021\/09\/wd-pointer.svg\",\"datePublished\":\"2024-09-16T14:13:43+00:00\",\"dateModified\":\"2024-12-14T00:23:58+00:00\",\"breadcrumb\":{\"@id\":\"https:\/\/demo2.cafegransasso.com\/get-a-quote\/#breadcrumb\"},\"inLanguage\":\"fr-ca\",\"potentialAction\":[{\"@type\":\"ReadAction\",\"target\":[\"https:\/\/demo2.cafegransasso.com\/get-a-quote\/\"]}]},{\"@type\":\"ImageObject\",\"inLanguage\":\"fr-ca\",\"@id\":\"https:\/\/demo2.cafegransasso.com\/get-a-quote\/#primaryimage\",\"url\":\"https:\/\/demo2.cafegransasso.com\/wp-content\/uploads\/2021\/09\/wd-pointer.svg\",\"contentUrl\":\"https:\/\/demo2.cafegransasso.com\/wp-content\/uploads\/2021\/09\/wd-pointer.svg\"},{\"@type\":\"BreadcrumbList\",\"@id\":\"https:\/\/demo2.cafegransasso.com\/get-a-quote\/#breadcrumb\",\"itemListElement\":[{\"@type\":\"ListItem\",\"position\":1,\"name\":\"Home\",\"item\":\"https:\/\/demo2.cafegransasso.com\/fr\/\"},{\"@type\":\"ListItem\",\"position\":2,\"name\":\"Get a Quote\"}]},{\"@type\":\"WebSite\",\"@id\":\"https:\/\/demo2.cafegransasso.com\/fr\/#website\",\"url\":\"https:\/\/demo2.cafegransasso.com\/fr\/\",\"name\":\"Cafe Gran Sasso\",\"description\":\"From Bean to Brew: Coffee Solutions for Businesses.\",\"publisher\":{\"@id\":\"https:\/\/demo2.cafegransasso.com\/fr\/#organization\"},\"potentialAction\":[{\"@type\":\"SearchAction\",\"target\":{\"@type\":\"EntryPoint\",\"urlTemplate\":\"https:\/\/demo2.cafegransasso.com\/fr\/?s={search_term_string}\"},\"query-input\":{\"@type\":\"PropertyValueSpecification\",\"valueRequired\":true,\"valueName\":\"search_term_string\"}}],\"inLanguage\":\"fr-ca\"},{\"@type\":\"Organization\",\"@id\":\"https:\/\/demo2.cafegransasso.com\/fr\/#organization\",\"name\":\"Cafe Gran Sasso\",\"url\":\"https:\/\/demo2.cafegransasso.com\/fr\/\",\"logo\":{\"@type\":\"ImageObject\",\"inLanguage\":\"fr-ca\",\"@id\":\"https:\/\/demo2.cafegransasso.com\/fr\/#\/schema\/logo\/image\/\",\"url\":\"https:\/\/demo2.cafegransasso.com\/wp-content\/uploads\/2024\/09\/GS-logo-Red-1-removebg-preview.png\",\"contentUrl\":\"https:\/\/demo2.cafegransasso.com\/wp-content\/uploads\/2024\/09\/GS-logo-Red-1-removebg-preview.png\",\"width\":360,\"height\":149,\"caption\":\"Cafe Gran Sasso\"},\"image\":{\"@id\":\"https:\/\/demo2.cafegransasso.com\/fr\/#\/schema\/logo\/image\/\"},\"sameAs\":[\"https:\/\/www.facebook.com\/CafeGranSasso\/\",\"https:\/\/www.instagram.com\/cafe_gransasso\/\"]}]}<\/script>\n<!-- \/ Yoast SEO plugin. -->","yoast_head_json":{"title":"Get a Quote - Cafe Gran Sasso","robots":{"index":"noindex","follow":"follow","max-snippet":"max-snippet:-1","max-image-preview":"max-image-preview:large","max-video-preview":"max-video-preview:-1"},"og_locale":"fr_FR","og_type":"article","og_title":"Get a Quote - Cafe Gran Sasso","og_description":"Get A Quote Full Name Email Address Phone Number Company Name # of employees1-1011-5051-200201+ Type of Coffee SolutionSelect coffee solutionOffice","og_url":"https:\/\/demo2.cafegransasso.com\/fr\/get-a-quote\/","og_site_name":"Cafe Gran Sasso","article_publisher":"https:\/\/www.facebook.com\/CafeGranSasso\/","article_modified_time":"2024-12-14T00:23:58+00:00","og_image":[{"url":"https:\/\/demo2.cafegransasso.com\/wp-content\/uploads\/2021\/09\/wd-pointer.svg","type":"","width":"","height":""}],"twitter_card":"summary_large_image","schema":{"@context":"https:\/\/schema.org","@graph":[{"@type":"WebPage","@id":"https:\/\/demo2.cafegransasso.com\/get-a-quote\/","url":"https:\/\/demo2.cafegransasso.com\/get-a-quote\/","name":"Get a Quote - Cafe Gran Sasso","isPartOf":{"@id":"https:\/\/demo2.cafegransasso.com\/fr\/#website"},"primaryImageOfPage":{"@id":"https:\/\/demo2.cafegransasso.com\/get-a-quote\/#primaryimage"},"image":{"@id":"https:\/\/demo2.cafegransasso.com\/get-a-quote\/#primaryimage"},"thumbnailUrl":"https:\/\/demo2.cafegransasso.com\/wp-content\/uploads\/2021\/09\/wd-pointer.svg","datePublished":"2024-09-16T14:13:43+00:00","dateModified":"2024-12-14T00:23:58+00:00","breadcrumb":{"@id":"https:\/\/demo2.cafegransasso.com\/get-a-quote\/#breadcrumb"},"inLanguage":"fr-ca","potentialAction":[{"@type":"ReadAction","target":["https:\/\/demo2.cafegransasso.com\/get-a-quote\/"]}]},{"@type":"ImageObject","inLanguage":"fr-ca","@id":"https:\/\/demo2.cafegransasso.com\/get-a-quote\/#primaryimage","url":"https:\/\/demo2.cafegransasso.com\/wp-content\/uploads\/2021\/09\/wd-pointer.svg","contentUrl":"https:\/\/demo2.cafegransasso.com\/wp-content\/uploads\/2021\/09\/wd-pointer.svg"},{"@type":"BreadcrumbList","@id":"https:\/\/demo2.cafegransasso.com\/get-a-quote\/#breadcrumb","itemListElement":[{"@type":"ListItem","position":1,"name":"Home","item":"https:\/\/demo2.cafegransasso.com\/fr\/"},{"@type":"ListItem","position":2,"name":"Get a Quote"}]},{"@type":"WebSite","@id":"https:\/\/demo2.cafegransasso.com\/fr\/#website","url":"https:\/\/demo2.cafegransasso.com\/fr\/","name":"Cafe Gran Sasso","description":"From Bean to Brew: Coffee Solutions for Businesses.","publisher":{"@id":"https:\/\/demo2.cafegransasso.com\/fr\/#organization"},"potentialAction":[{"@type":"SearchAction","target":{"@type":"EntryPoint","urlTemplate":"https:\/\/demo2.cafegransasso.com\/fr\/?s={search_term_string}"},"query-input":{"@type":"PropertyValueSpecification","valueRequired":true,"valueName":"search_term_string"}}],"inLanguage":"fr-ca"},{"@type":"Organization","@id":"https:\/\/demo2.cafegransasso.com\/fr\/#organization","name":"Cafe Gran Sasso","url":"https:\/\/demo2.cafegransasso.com\/fr\/","logo":{"@type":"ImageObject","inLanguage":"fr-ca","@id":"https:\/\/demo2.cafegransasso.com\/fr\/#\/schema\/logo\/image\/","url":"https:\/\/demo2.cafegransasso.com\/wp-content\/uploads\/2024\/09\/GS-logo-Red-1-removebg-preview.png","contentUrl":"https:\/\/demo2.cafegransasso.com\/wp-content\/uploads\/2024\/09\/GS-logo-Red-1-removebg-preview.png","width":360,"height":149,"caption":"Cafe Gran Sasso"},"image":{"@id":"https:\/\/demo2.cafegransasso.com\/fr\/#\/schema\/logo\/image\/"},"sameAs":["https:\/\/www.facebook.com\/CafeGranSasso\/","https:\/\/www.instagram.com\/cafe_gransasso\/"]}]}},"_links":{"self":[{"href":"https:\/\/demo2.cafegransasso.com\/fr\/wp-json\/wp\/v2\/pages\/16090","targetHints":{"allow":["GET"]}}],"collection":[{"href":"https:\/\/demo2.cafegransasso.com\/fr\/wp-json\/wp\/v2\/pages"}],"about":[{"href":"https:\/\/demo2.cafegransasso.com\/fr\/wp-json\/wp\/v2\/types\/page"}],"author":[{"embeddable":true,"href":"https:\/\/demo2.cafegransasso.com\/fr\/wp-json\/wp\/v2\/users\/1346"}],"replies":[{"embeddable":true,"href":"https:\/\/demo2.cafegransasso.com\/fr\/wp-json\/wp\/v2\/comments?post=16090"}],"version-history":[{"count":15,"href":"https:\/\/demo2.cafegransasso.com\/fr\/wp-json\/wp\/v2\/pages\/16090\/revisions"}],"predecessor-version":[{"id":26704,"href":"https:\/\/demo2.cafegransasso.com\/fr\/wp-json\/wp\/v2\/pages\/16090\/revisions\/26704"}],"wp:attachment":[{"href":"https:\/\/demo2.cafegransasso.com\/fr\/wp-json\/wp\/v2\/media?parent=16090"}],"curies":[{"name":"wp","href":"https:\/\/api.w.org\/{rel}","templated":true}]}}